{"id":50,"date":"2019-03-23T07:43:36","date_gmt":"2019-03-23T07:43:36","guid":{"rendered":"http:\/\/adamtextiel.rs\/?page_id=50"},"modified":"2026-04-15T05:57:23","modified_gmt":"2026-04-15T05:57:23","slug":"vp-cenovnik","status":"publish","type":"page","link":"https:\/\/adamtextiel.rs\/hu\/vp-cenovnik\/","title":{"rendered":"\u00c1rlista"},"content":{"rendered":"<div id=\"page-header-2058081921\" class=\"page-header-wrapper\">\n  <div class=\"page-title dark simple-title has-parallax\">\n\n        <div class=\"page-title-bg\">\n      <div class=\"title-bg fill bg-fill\"\n        data-parallax-container=\".page-title\"\n        data-parallax-background\n        data-parallax=\"-3\">\n      <\/div>\n      <div class=\"title-overlay fill\"><\/div>\n    <\/div>\n    \n    <div class=\"page-title-inner container align-center text-center flex-row-col medium-flex-wrap\" >\n              <div class=\"title-wrapper is-xxlarge flex-col\">\n          <h1 class=\"entry-title mb-0\">\n            \u00c1rlista          <\/h1>\n        <\/div>\n                    <div class=\"title-content flex-col\">\n        <div class=\"title-breadcrumbs pb-half pt-half\"><\/div>      <\/div>\n    <\/div><!-- flex-row -->\n\n     \n<style scope=\"scope\">\n\n#page-header-2058081921 .title-bg {\n  background-image: url(https:\/\/adamtextiel.rs\/wp-content\/uploads\/2019\/03\/ixus-190-hs-lifestyle-fashion-glam-004-1920x1080_tcm137-1503487.jpg);\n  background-position: 69% 12%;\n}\n<\/style>\n  <\/div><!-- .page-title -->\n    <\/div><!-- .page-header-wrapper -->\n  \n<hr \/>\n<p><strong>\u00c9RV\u00c9NYES 2020.01.01-T\u0150L<br \/>\n<\/strong><\/p>\n<p><span class=\"tlid-translation translation\" lang=\"hu\"><span class=\"\" title=\"\">Az \u00e1rak PDV n\u00e9lk\u00fcl \u00e9rthet\u0151d\u0151en \u00e9s 1kg-ra vonatkoznak!<br \/>\n\u00c1tl\u00e1tsz\u00f3 zs\u00e1kokba csomagolva, m\u00e1r 15kg-os kiszerel\u00e9sben is.<br \/>\nMinden term\u00e9k rakt\u00e1ron.<\/span><\/span><\/p>\n<table>\n<tbody>\n<tr>\n<td width=\"62\" height=\"20\"><strong>Red.Br<\/strong><\/td>\n<td class=\"xl70\" width=\"338\"><strong>NAZIV ARTIKLA<\/strong><\/td>\n<td width=\"86\"><strong>\u0160IFRA<\/strong><\/td>\n<td width=\"136\"><strong>EUR \/ KG<br \/>\n<\/strong><\/td>\n<\/tr>\n<tr>\n<td class=\"xl70\" height=\"20\"><\/td>\n<td class=\"xl71\"><\/td>\n<td class=\"xl72\" style=\"text-align: left;\"><\/td>\n<td class=\"xl72\"><\/td>\n<\/tr>\n<tr>\n<td class=\"xl70\" height=\"20\"><\/td>\n<td><\/td>\n<td><\/td>\n<td><\/td>\n<\/tr>\n<tr>\n<td class=\"xl70\" height=\"20\"><\/td>\n<td><\/td>\n<td><\/td>\n<td><\/td>\n<\/tr>\n<tr>\n<td class=\"xl70\" height=\"20\"><\/td>\n<td><\/td>\n<td><\/td>\n<td><\/td>\n<\/tr>\n<tr>\n<td class=\"xl70\" height=\"20\"><\/td>\n<td><\/td>\n<td><\/td>\n<td><\/td>\n<\/tr>\n<tr>\n<td class=\"xl70\" height=\"20\"><\/td>\n<td><\/td>\n<td><\/td>\n<td><\/td>\n<\/tr>\n<tr>\n<td class=\"xl70\" height=\"20\"><\/td>\n<td><\/td>\n<td><\/td>\n<td><\/td>\n<\/tr>\n<tr>\n<td class=\"xl70\" height=\"20\"><\/td>\n<td><\/td>\n<td><\/td>\n<td><\/td>\n<\/tr>\n<tr>\n<td class=\"xl70\" height=\"20\"><\/td>\n<td><\/td>\n<td><\/td>\n<td><\/td>\n<\/tr>\n<tr>\n<td class=\"xl70\" height=\"20\"><\/td>\n<td><\/td>\n<td><\/td>\n<td><\/td>\n<\/tr>\n<tr>\n<td class=\"xl70\" height=\"20\"><\/td>\n<td><\/td>\n<td><\/td>\n<td><\/td>\n<\/tr>\n<tr>\n<td class=\"xl70\" height=\"20\"><\/td>\n<td><\/td>\n<td><\/td>\n<td><\/td>\n<\/tr>\n<tr>\n<td class=\"xl70\" height=\"20\"><\/td>\n<td><\/td>\n<td><\/td>\n<td><\/td>\n<\/tr>\n<tr>\n<td class=\"xl70\" height=\"20\"><\/td>\n<td><\/td>\n<td><\/td>\n<td><\/td>\n<\/tr>\n<tr>\n<td class=\"xl70\" height=\"20\"><\/td>\n<td><\/td>\n<td><\/td>\n<td><\/td>\n<\/tr>\n<tr>\n<td class=\"xl70\" height=\"20\"><\/td>\n<td><\/td>\n<td><\/td>\n<td><\/td>\n<\/tr>\n<tr>\n<td class=\"xl70\" height=\"20\"><\/td>\n<td><\/td>\n<td><\/td>\n<td><\/td>\n<\/tr>\n<tr>\n<td class=\"xl70\" height=\"20\"><\/td>\n<td><\/td>\n<td><\/td>\n<td><\/td>\n<\/tr>\n<tr>\n<td class=\"xl70\" height=\"20\"><\/td>\n<td><\/td>\n<td><\/td>\n<td><\/td>\n<\/tr>\n<tr>\n<td class=\"xl70\" height=\"20\"><\/td>\n<td><\/td>\n<td><\/td>\n<td><\/td>\n<\/tr>\n<tr>\n<td class=\"xl70\" height=\"20\"><\/td>\n<td><\/td>\n<td><\/td>\n<td><\/td>\n<\/tr>\n<tr>\n<td class=\"xl70\" height=\"20\"><\/td>\n<td><\/td>\n<td><\/td>\n<td><\/td>\n<\/tr>\n<tr>\n<td class=\"xl70\" height=\"20\"><\/td>\n<td class=\"xl71\"><\/td>\n<td class=\"xl70\"><\/td>\n<td class=\"xl70\"><\/td>\n<\/tr>\n<tr>\n<td class=\"xl70\" height=\"20\"><\/td>\n<td><\/td>\n<td><\/td>\n<td><\/td>\n<\/tr>\n<tr>\n<td class=\"xl70\" height=\"20\"><\/td>\n<td><\/td>\n<td><\/td>\n<td><\/td>\n<\/tr>\n<tr>\n<td class=\"xl70\" height=\"20\"><\/td>\n<td><\/td>\n<td><\/td>\n<td><\/td>\n<\/tr>\n<tr>\n<td class=\"xl70\" height=\"20\"><\/td>\n<td><\/td>\n<td><\/td>\n<td><\/td>\n<\/tr>\n<tr>\n<td class=\"xl70\" height=\"20\"><\/td>\n<td><\/td>\n<td><\/td>\n<td><\/td>\n<\/tr>\n<tr>\n<td class=\"xl70\" height=\"20\"><\/td>\n<td><\/td>\n<td><\/td>\n<td><\/td>\n<\/tr>\n<tr>\n<td class=\"xl70\" height=\"20\"><\/td>\n<td><\/td>\n<td><\/td>\n<td><\/td>\n<\/tr>\n<tr>\n<td class=\"xl70\" height=\"20\"><\/td>\n<td><\/td>\n<td><\/td>\n<td><\/td>\n<\/tr>\n<tr>\n<td class=\"xl70\" height=\"20\"><\/td>\n<td><\/td>\n<td><\/td>\n<td><\/td>\n<\/tr>\n<tr>\n<td class=\"xl70\" height=\"20\"><\/td>\n<td><\/td>\n<td><\/td>\n<td><\/td>\n<\/tr>\n<tr>\n<td class=\"xl70\" height=\"20\"><\/td>\n<td><\/td>\n<td><\/td>\n<td><\/td>\n<\/tr>\n<tr>\n<td class=\"xl70\" height=\"20\"><\/td>\n<td><\/td>\n<td><\/td>\n<td><\/td>\n<\/tr>\n<tr>\n<td class=\"xl70\" height=\"20\"><\/td>\n<td><\/td>\n<td><\/td>\n<td><\/td>\n<\/tr>\n<tr>\n<td class=\"xl70\" height=\"20\"><\/td>\n<td><\/td>\n<td><\/td>\n<td><\/td>\n<\/tr>\n<tr>\n<td class=\"xl70\" height=\"20\"><\/td>\n<td><\/td>\n<td><\/td>\n<td><\/td>\n<\/tr>\n<tr>\n<td class=\"xl70\" height=\"20\"><\/td>\n<td><\/td>\n<td><\/td>\n<td><\/td>\n<\/tr>\n<tr>\n<td class=\"xl70\" height=\"20\"><\/td>\n<td><\/td>\n<td><\/td>\n<td><\/td>\n<\/tr>\n<tr>\n<td class=\"xl70\" height=\"20\"><\/td>\n<td><\/td>\n<td><\/td>\n<td><\/td>\n<\/tr>\n<tr>\n<td class=\"xl70\" height=\"20\"><\/td>\n<td><\/td>\n<td><\/td>\n<td><\/td>\n<\/tr>\n<tr>\n<td class=\"xl70\" height=\"20\"><\/td>\n<td><\/td>\n<td><\/td>\n<td><\/td>\n<\/tr>\n<tr>\n<td class=\"xl70\" height=\"20\"><\/td>\n<td><\/td>\n<td><\/td>\n<td><\/td>\n<\/tr>\n<tr>\n<td class=\"xl70\" height=\"20\"><\/td>\n<td><\/td>\n<td><\/td>\n<td><\/td>\n<\/tr>\n<tr>\n<td class=\"xl70\" height=\"20\"><\/td>\n<td><\/td>\n<td><\/td>\n<td><\/td>\n<\/tr>\n<tr>\n<td class=\"xl70\" height=\"20\"><\/td>\n<td><\/td>\n<td><\/td>\n<td><\/td>\n<\/tr>\n<tr>\n<td class=\"xl70\" height=\"20\"><\/td>\n<td><\/td>\n<td><\/td>\n<td><\/td>\n<\/tr>\n<tr>\n<td class=\"xl70\" height=\"20\"><\/td>\n<td><\/td>\n<td><\/td>\n<td><\/td>\n<\/tr>\n<tr>\n<td class=\"xl70\" height=\"20\"><\/td>\n<td><\/td>\n<td><\/td>\n<td><\/td>\n<\/tr>\n<\/tbody>\n<\/table>","protected":false},"excerpt":{"rendered":"<p>\u00c9RV\u00c9NYES 2020.01.01-T\u0150L Az \u00e1rak PDV n\u00e9lk\u00fcl \u00e9rthet\u0151d\u0151en \u00e9s 1kg-ra vonatkoznak! \u00c1tl\u00e1tsz\u00f3 zs\u00e1kokba csomagolva, m\u00e1r 15kg-os kiszerel\u00e9sben is. Minden term\u00e9k rakt\u00e1ron. Red.Br NAZIV ARTIKLA \u0160IFRA EUR \/ KG<\/p>\n","protected":false},"author":1,"featured_media":0,"parent":0,"menu_order":0,"comment_status":"closed","ping_status":"closed","template":"","meta":{"footnotes":""},"class_list":["post-50","page","type-page","status-publish","hentry"],"yoast_head":"<!-- This site is optimized with the Yoast SEO plugin v27.4 - https:\/\/yoast.com\/product\/yoast-seo-wordpress\/ -->\n<title>(Srpski) Adamtextiel Veleprodaja i maloprodaja second hand ode\u0107e. Cenovnik<\/title>\n<meta name=\"description\" content=\"(Srpski) Adamtextiel Senta. Veleprodaja i maloprodaja second hand ode\u0107e. Direktan uvoznik. Razvrstana i sortirana polovna garderoba na kg. Cenovnik\" \/>\n<meta name=\"robots\" content=\"index, follow, max-snippet:-1, max-image-preview:large, max-video-preview:-1\" \/>\n<link rel=\"canonical\" href=\"https:\/\/adamtextiel.rs\/vp-cenovnik\/\" \/>\n<meta property=\"og:locale\" content=\"hu_HU\" \/>\n<meta property=\"og:type\" content=\"article\" \/>\n<meta property=\"og:title\" content=\"[:sr]Adamtextiel Veleprodaja i maloprodaja second hand ode\u0107e. Cenovnik[:]\" \/>\n<meta property=\"og:description\" content=\"{:sr}Adamtextiel Senta. Veleprodaja i maloprodaja second hand ode\u0107e. Direktan uvoznik. Razvrstana i sortirana polovna garderoba na kg. Cenovnik{:}\" \/>\n<meta property=\"og:url\" content=\"https:\/\/adamtextiel.rs\/vp-cenovnik\/\" \/>\n<meta property=\"og:site_name\" content=\"Adamtextiel\" \/>\n<meta property=\"article:modified_time\" content=\"2026-04-15T05:57:23+00:00\" \/>\n<meta name=\"twitter:card\" content=\"summary_large_image\" \/>\n<meta name=\"twitter:label1\" content=\"Becs\u00fclt olvas\u00e1si id\u0151\" \/>\n\t<meta name=\"twitter:data1\" content=\"3 perc\" \/>\n<script type=\"application\/ld+json\" class=\"yoast-schema-graph\">{\"@context\":\"https:\\\/\\\/schema.org\",\"@graph\":[{\"@type\":\"WebPage\",\"@id\":\"https:\\\/\\\/adamtextiel.rs\\\/vp-cenovnik\\\/\",\"url\":\"https:\\\/\\\/adamtextiel.rs\\\/vp-cenovnik\\\/\",\"name\":\"[:sr]Adamtextiel Veleprodaja i maloprodaja second hand ode\u0107e. Cenovnik[:]\",\"isPartOf\":{\"@id\":\"https:\\\/\\\/adamtextiel.rs\\\/#website\"},\"datePublished\":\"2019-03-23T07:43:36+00:00\",\"dateModified\":\"2026-04-15T05:57:23+00:00\",\"description\":\"{:sr}Adamtextiel Senta. Veleprodaja i maloprodaja second hand ode\u0107e. Direktan uvoznik. Razvrstana i sortirana polovna garderoba na kg. Cenovnik{:}\",\"breadcrumb\":{\"@id\":\"https:\\\/\\\/adamtextiel.rs\\\/vp-cenovnik\\\/#breadcrumb\"},\"inLanguage\":\"hu\",\"potentialAction\":[{\"@type\":\"ReadAction\",\"target\":[\"https:\\\/\\\/adamtextiel.rs\\\/vp-cenovnik\\\/\"]}]},{\"@type\":\"BreadcrumbList\",\"@id\":\"https:\\\/\\\/adamtextiel.rs\\\/vp-cenovnik\\\/#breadcrumb\",\"itemListElement\":[{\"@type\":\"ListItem\",\"position\":1,\"name\":\"Home\",\"item\":\"https:\\\/\\\/adamtextiel.rs\\\/\"},{\"@type\":\"ListItem\",\"position\":2,\"name\":\"VP Cenovnik\"}]},{\"@type\":\"WebSite\",\"@id\":\"https:\\\/\\\/adamtextiel.rs\\\/#website\",\"url\":\"https:\\\/\\\/adamtextiel.rs\\\/\",\"name\":\"Adamtextiel\",\"description\":\"Second Hand - prodaja polovne garderobe\",\"potentialAction\":[{\"@type\":\"SearchAction\",\"target\":{\"@type\":\"EntryPoint\",\"urlTemplate\":\"https:\\\/\\\/adamtextiel.rs\\\/?s={search_term_string}\"},\"query-input\":{\"@type\":\"PropertyValueSpecification\",\"valueRequired\":true,\"valueName\":\"search_term_string\"}}],\"inLanguage\":\"hu\"}]}<\/script>\n<!-- \/ Yoast SEO plugin. -->","yoast_head_json":{"title":"(Srpski) Adamtextiel Veleprodaja i maloprodaja second hand ode\u0107e. Cenovnik","description":"(Srpski) Adamtextiel Senta. Veleprodaja i maloprodaja second hand ode\u0107e. Direktan uvoznik. Razvrstana i sortirana polovna garderoba na kg. Cenovnik","robots":{"index":"index","follow":"follow","max-snippet":"max-snippet:-1","max-image-preview":"max-image-preview:large","max-video-preview":"max-video-preview:-1"},"canonical":"https:\/\/adamtextiel.rs\/vp-cenovnik\/","og_locale":"hu_HU","og_type":"article","og_title":"[:sr]Adamtextiel Veleprodaja i maloprodaja second hand ode\u0107e. Cenovnik[:]","og_description":"{:sr}Adamtextiel Senta. Veleprodaja i maloprodaja second hand ode\u0107e. Direktan uvoznik. Razvrstana i sortirana polovna garderoba na kg. Cenovnik{:}","og_url":"https:\/\/adamtextiel.rs\/vp-cenovnik\/","og_site_name":"Adamtextiel","article_modified_time":"2026-04-15T05:57:23+00:00","twitter_card":"summary_large_image","twitter_misc":{"Becs\u00fclt olvas\u00e1si id\u0151":"3 perc"},"schema":{"@context":"https:\/\/schema.org","@graph":[{"@type":"WebPage","@id":"https:\/\/adamtextiel.rs\/vp-cenovnik\/","url":"https:\/\/adamtextiel.rs\/vp-cenovnik\/","name":"[:sr]Adamtextiel Veleprodaja i maloprodaja second hand ode\u0107e. Cenovnik[:]","isPartOf":{"@id":"https:\/\/adamtextiel.rs\/#website"},"datePublished":"2019-03-23T07:43:36+00:00","dateModified":"2026-04-15T05:57:23+00:00","description":"{:sr}Adamtextiel Senta. Veleprodaja i maloprodaja second hand ode\u0107e. Direktan uvoznik. Razvrstana i sortirana polovna garderoba na kg. Cenovnik{:}","breadcrumb":{"@id":"https:\/\/adamtextiel.rs\/vp-cenovnik\/#breadcrumb"},"inLanguage":"hu","potentialAction":[{"@type":"ReadAction","target":["https:\/\/adamtextiel.rs\/vp-cenovnik\/"]}]},{"@type":"BreadcrumbList","@id":"https:\/\/adamtextiel.rs\/vp-cenovnik\/#breadcrumb","itemListElement":[{"@type":"ListItem","position":1,"name":"Home","item":"https:\/\/adamtextiel.rs\/"},{"@type":"ListItem","position":2,"name":"VP Cenovnik"}]},{"@type":"WebSite","@id":"https:\/\/adamtextiel.rs\/#website","url":"https:\/\/adamtextiel.rs\/","name":"Adamtextiel","description":"Second Hand - prodaja polovne garderobe","potentialAction":[{"@type":"SearchAction","target":{"@type":"EntryPoint","urlTemplate":"https:\/\/adamtextiel.rs\/?s={search_term_string}"},"query-input":{"@type":"PropertyValueSpecification","valueRequired":true,"valueName":"search_term_string"}}],"inLanguage":"hu"}]}},"_links":{"self":[{"href":"https:\/\/adamtextiel.rs\/hu\/wp-json\/wp\/v2\/pages\/50","targetHints":{"allow":["GET"]}}],"collection":[{"href":"https:\/\/adamtextiel.rs\/hu\/wp-json\/wp\/v2\/pages"}],"about":[{"href":"https:\/\/adamtextiel.rs\/hu\/wp-json\/wp\/v2\/types\/page"}],"author":[{"embeddable":true,"href":"https:\/\/adamtextiel.rs\/hu\/wp-json\/wp\/v2\/users\/1"}],"replies":[{"embeddable":true,"href":"https:\/\/adamtextiel.rs\/hu\/wp-json\/wp\/v2\/comments?post=50"}],"version-history":[{"count":151,"href":"https:\/\/adamtextiel.rs\/hu\/wp-json\/wp\/v2\/pages\/50\/revisions"}],"predecessor-version":[{"id":725,"href":"https:\/\/adamtextiel.rs\/hu\/wp-json\/wp\/v2\/pages\/50\/revisions\/725"}],"wp:attachment":[{"href":"https:\/\/adamtextiel.rs\/hu\/wp-json\/wp\/v2\/media?parent=50"}],"curies":[{"name":"wp","href":"https:\/\/api.w.org\/{rel}","templated":true}]}}