{"id":2,"date":"2019-03-13T12:52:41","date_gmt":"2019-03-13T12:52:41","guid":{"rendered":"http:\/\/adamtextiel.rs\/?page_id=2"},"modified":"2025-10-27T07:42:59","modified_gmt":"2025-10-27T07:42:59","slug":"sample-page","status":"publish","type":"page","link":"https:\/\/adamtextiel.rs\/hu\/","title":{"rendered":"F\u0151oldal"},"content":{"rendered":"<div class=\"slider-wrapper relative\" id=\"slider-1794939885\" >\n    <div class=\"slider slider-nav-circle slider-nav-large slider-nav-light slider-style-normal\"\n        data-flickity-options='{\n            \"cellAlign\": \"center\",\n            \"imagesLoaded\": true,\n            \"lazyLoad\": 1,\n            \"freeScroll\": false,\n            \"wrapAround\": true,\n            \"autoPlay\": 6000,\n            \"pauseAutoPlayOnHover\" : true,\n            \"prevNextButtons\": true,\n            \"contain\" : true,\n            \"adaptiveHeight\" : true,\n            \"dragThreshold\" : 10,\n            \"percentPosition\": true,\n            \"pageDots\": true,\n            \"rightToLeft\": false,\n            \"draggable\": true,\n            \"selectedAttraction\": 0.1,\n            \"parallax\" : 0,\n            \"friction\": 0.6        }'\n        >\n        \n\n  <div class=\"banner has-hover\" id=\"banner-1301794506\">\n          <div class=\"banner-inner fill\">\n        <div class=\"banner-bg fill\" >\n            <div class=\"bg fill bg-fill \"><\/div>\n                                    \n                    <\/div><!-- bg-layers -->\n        <div class=\"banner-layers container\">\n            <div class=\"fill banner-link\"><\/div>            \n   <div id=\"text-box-1838800578\" class=\"text-box banner-layer x5 md-x5 lg-x5 y90 md-y50 lg-y50 res-text\">\n                                <div class=\"text box-shadow-1\">\n              \n              <div class=\"text-inner text-left\">\n                  \n<h6>Adamtextiel<\/h6>\n<h3 class=\"uppercase\">Second hand<\/h3>\n<p>Term\u00e9keink k\u00f6z\u00f6tt ismert nemzetk\u00f6zi m\u00e1rk\u00e1k ruh\u00e1i szerepelnek, mint pl. BOSS, ZARA, TOMMY HILFIGER, H&amp;M, NIKE, ADIDAS, CAMEL\u2026<\/p>\n<a class=\"button primary\"  >\n    <span>\u00e1rlista<\/span>\n  <i class=\"icon-checkmark\" ><\/i><\/a>\n\n              <\/div>\n           <\/div><!-- text-box-inner -->\n                            \n<style scope=\"scope\">\n\n#text-box-1838800578 .text {\n  background-color: rgba(255, 255, 255, 0.8);\n  font-size: 100%;\n}\n#text-box-1838800578 .text-inner {\n  padding: 30px 30px 30px 30px;\n}\n#text-box-1838800578 {\n  width: 88%;\n}\n\n\n@media (min-width:550px) {\n\n  #text-box-1838800578 {\n    width: 46%;\n  }\n\n}\n<\/style>\n    <\/div><!-- text-box -->\n \n        <\/div><!-- .banner-layers -->\n      <\/div><!-- .banner-inner -->\n\n            \n<style scope=\"scope\">\n\n#banner-1301794506 {\n  padding-top: 386px;\n}\n#banner-1301794506 .bg.bg-loaded {\n  background-image: url(https:\/\/adamtextiel.rs\/wp-content\/uploads\/2019\/03\/ixus-190-hs-lifestyle-fashion-glam-004-1920x1080_tcm137-1503487-1400x788.jpg);\n}\n#banner-1301794506 .bg {\n  background-position: 73% 0%;\n}\n\n\n@media (min-width:550px) {\n\n  #banner-1301794506 {\n    padding-top: 637px;\n  }\n\n}\n<\/style>\n  <\/div><!-- .banner -->\n\n\n\n  <div class=\"banner has-hover\" id=\"banner-1461149985\">\n          <div class=\"banner-inner fill\">\n        <div class=\"banner-bg fill\" >\n            <div class=\"bg fill bg-fill \"><\/div>\n                                    \n                    <\/div><!-- bg-layers -->\n        <div class=\"banner-layers container\">\n            <div class=\"fill banner-link\"><\/div>            \n   <div id=\"text-box-1814518810\" class=\"text-box banner-layer x5 md-x5 lg-x5 y95 md-y50 lg-y50 res-text\">\n                                <div class=\"text box-shadow-1\">\n              \n              <div class=\"text-inner text-left\">\n                  \n<h6>Adamtextiel<\/h6>\n<h3 class=\"uppercase\" dir=\"auto\">Tan\u00e1csok bolt nyit\u00e1shoz<\/h3>\n<p>Lehet\u0151s\u00e9get ny\u00fajtunk \u00fczleti tan\u00e1csad\u00e1ssal sok \u00e9ves tapasztalataink alapj\u00e1n. Ig\u00e9ny szerint javaslatot tesz\u00fcnk hasznos \u00e9s bev\u00e1llt m\u00f3dszerekkel egy sikeresen m\u0171k\u00f6d\u0151 haszn\u00e1ltruha \u00fczlet kialak\u00edt\u00e1s\u00e1hoz, mint p\u00e9ld\u00e1ul a megfelel\u0151 \u00e1rmin\u0151s\u00e9gi szint\u00a0 kiv\u00e1laszt\u00e1sa vagy az elad\u00e1si \u00e1rak kialak\u00edt\u00e1sa.<\/p>\n<a class=\"button primary is-gradient\"  >\n    <span>Ingyenes konzult\u00e1ci\u00f3t<\/span>\n  <i class=\"icon-checkmark\" ><\/i><\/a>\n\n              <\/div>\n           <\/div><!-- text-box-inner -->\n                            \n<style scope=\"scope\">\n\n#text-box-1814518810 .text {\n  background-color: rgba(255, 255, 255, 0.8);\n  font-size: 100%;\n}\n#text-box-1814518810 .text-inner {\n  padding: 30px 30px 30px 30px;\n}\n#text-box-1814518810 {\n  width: 90%;\n}\n\n\n@media (min-width:550px) {\n\n  #text-box-1814518810 {\n    width: 65%;\n  }\n\n}\n<\/style>\n    <\/div><!-- text-box -->\n \n        <\/div><!-- .banner-layers -->\n      <\/div><!-- .banner-inner -->\n\n            \n<style scope=\"scope\">\n\n#banner-1461149985 {\n  padding-top: 386px;\n}\n#banner-1461149985 .bg.bg-loaded {\n  background-image: url(https:\/\/adamtextiel.rs\/wp-content\/uploads\/2019\/03\/trash-is-for-tossers-secondhand-shopping-guide-beacons-closet.jpg);\n}\n#banner-1461149985 .bg {\n  background-position: 64% 0%;\n}\n\n\n@media (min-width:550px) {\n\n  #banner-1461149985 {\n    padding-top: 637px;\n  }\n\n}\n<\/style>\n  <\/div><!-- .banner -->\n\n\n     <\/div>\n\n     <div class=\"loading-spin dark large centered\"><\/div>\n\n     <style scope=\"scope\">\n             <\/style>\n<\/div><!-- .ux-slider-wrapper -->\n\n\n\t<section class=\"section\" id=\"section_912221038\">\n\t\t<div class=\"bg section-bg fill bg-fill  bg-loaded\" >\n\n\t\t\t\n\t\t\t<div class=\"section-bg-overlay absolute fill\"><\/div>\n\t\t\t\n\t<div class=\"is-border\"\n\t\tstyle=\"border-width:1px 0px 1px 0px;\">\n\t<\/div>\n\n\t\t<\/div><!-- .section-bg -->\n\n\t\t<div class=\"section-content relative\">\n\t\t\t\n<div class=\"row row-large align-bottom align-center row-divided\"  id=\"row-1937721383\">\n<div class=\"col medium-6 small-12 large-6\"  ><div class=\"col-inner\"  >\n\t<div class=\"img has-hover x md-x lg-x y md-y lg-y\" id=\"image_910722267\">\n\t\t\t\t\t\t\t\t<div class=\"img-inner box-shadow-2 dark\" >\n\t\t\t<img loading=\"lazy\" decoding=\"async\" width=\"1000\" height=\"750\" src=\"https:\/\/adamtextiel.rs\/wp-content\/uploads\/2019\/03\/20180621_160708.jpg\" class=\"attachment-large size-large\" alt=\"\" srcset=\"https:\/\/adamtextiel.rs\/wp-content\/uploads\/2019\/03\/20180621_160708.jpg 1000w, https:\/\/adamtextiel.rs\/wp-content\/uploads\/2019\/03\/20180621_160708-533x400.jpg 533w, https:\/\/adamtextiel.rs\/wp-content\/uploads\/2019\/03\/20180621_160708-768x576.jpg 768w\" sizes=\"auto, (max-width: 1000px) 100vw, 1000px\" \/>\t\t\t\t\t\t\n\t\t\t\t\t<\/div>\n\t\t\t\t\t\t\t\t\n<style scope=\"scope\">\n\n#image_910722267 {\n  width: 100%;\n}\n<\/style>\n\t<\/div>\n\t\n<\/div><\/div>\n<div class=\"col medium-6 small-12 large-6\"  data-animate=\"fadeInRight\"><div class=\"col-inner text-left text-shadow-1\"  >\n<h2 class=\"uppercase\" style=\"text-align: left;\"><span style=\"color: #000000; font-size: 150%;\"><strong>Kiskereskedelem<\/strong><\/span><\/h2>\n<h3 class=\"uppercase\" style=\"text-align: left;\"><span style=\"color: #000000;\">SECOND HAND \u00e1ru<\/span><\/h3>\n<ul>\n<li>Hatalmas v\u00e1laszt\u00e9k<\/li>\n<li>Kiv\u00e1l\u00f3 min\u0151s\u00e9g \u00e9s kedvez\u0151 \u00e1rak<\/li>\n<li>Folyamatos \u00e1rubet\u00f6lt\u00e9s<\/li>\n<li>Ismert nemzetk\u00f6zi m\u00e1rk\u00e1k<\/li>\n<li>Sz\u00ednvonalas kiszolg\u00e1l\u00e1s<\/li>\n<\/ul>\n<a data-animate=\"bounceInUp\" href=\"http:\/\/adamtextiel.rs\/hu\/kontakt\/\" target=\"_self\" class=\"button primary box-shadow-1 expand\"  style=\"border-radius:7px;\">\n    <span>\u00dczleteink<\/span>\n  <i class=\"icon-shopping-basket\" ><\/i><\/a>\n\n<\/div><\/div>\n\n<style scope=\"scope\">\n\n<\/style>\n<\/div>\n\t\t<\/div><!-- .section-content -->\n\n\t\t\n<style scope=\"scope\">\n\n#section_912221038 {\n  padding-top: 60px;\n  padding-bottom: 60px;\n  background-color: rgb(193, 193, 193);\n}\n#section_912221038 .section-bg-overlay {\n  background-color: rgba(255, 255, 255, 0.85);\n}\n<\/style>\n\t<\/section>\n\t\n\n  <div class=\"banner has-hover\" id=\"banner-1659897525\">\n          <div class=\"banner-inner fill\">\n        <div class=\"banner-bg fill\" >\n            <div class=\"bg fill bg-fill \"><\/div>\n                                    \n                    <\/div><!-- bg-layers -->\n        <div class=\"banner-layers container\">\n            <div class=\"fill banner-link\"><\/div>            \n   <div id=\"text-box-691872736\" class=\"text-box banner-layer x75 md-x95 lg-x95 y50 md-y50 lg-y50 res-text\">\n                                <div class=\"text text-shadow-1\">\n              \n              <div class=\"text-inner text-center\">\n                  \n<h2 class=\"uppercase\" style=\"text-align: left;\"><span style=\"color: #000000;\"><strong>Nagykereskedelem<\/strong><\/span><\/h2>\n<h3 class=\"uppercase\" style=\"text-align: left;\"><span style=\"color: #000000;\">SECOND HAND <span class=\"tlid-translation translation\" lang=\"hu\"><span class=\"\" title=\"\">\u00e1ru<\/span><\/span><br \/><\/span><\/h3>\n<ul>\n<li style=\"list-style-type: none;\">\n<ul>\n<li style=\"text-align: left;\"><span class=\"tlid-translation translation\" lang=\"hu\"><span class=\"\" title=\"\">Rakt\u00e1ron lev\u0151 hatalmas arukeszlet<\/span><\/span><\/li>\n<li style=\"text-align: left;\"><span class=\"tlid-translation translation\" lang=\"hu\"><span class=\"\" title=\"\">Csomagol\u00e1sok \u00e1ttetsz\u0151 zs\u00e1kokban m\u00e1r 15kg -tol<\/span><\/span><\/li>\n<li style=\"text-align: left;\"><span class=\"tlid-translation translation\" lang=\"hu\"><span class=\"alt-edited\" title=\"\">Kr\u00e9m ,extra \u00e9s els\u0151 oszt\u00e1ly\u00fa v\u00e1logatott \u00e1ru<\/span><\/span><\/li>\n<li style=\"text-align: left;\">Kiv\u00e1l\u00f3 min\u0151s\u00e9g kedvez\u0151 \u00e1ron<\/li>\n<li style=\"text-align: left;\">\u00c1ru els\u0151 k\u00e9zb\u0151l<\/li>\n<\/ul>\n<\/li>\n<\/ul>\n<a data-animate=\"bounceInUp\" href=\"http:\/\/adamtextiel.rs\/hu\/vp-cenovnik\/\" target=\"_self\" class=\"button primary is-outline\"  >\n    <span>\u00c1rlista<\/span>\n  <\/a>\n\n              <\/div>\n           <\/div><!-- text-box-inner -->\n                            \n<style scope=\"scope\">\n\n#text-box-691872736 .text-inner {\n  padding: 0px 0px 0px 3px;\n}\n#text-box-691872736 {\n  width: 75%;\n}\n#text-box-691872736 .text {\n  font-size: 96%;\n}\n\n\n@media (min-width:550px) {\n\n  #text-box-691872736 {\n    width: 49%;\n  }\n  #text-box-691872736 .text {\n    font-size: 100%;\n  }\n\n}\n<\/style>\n    <\/div><!-- text-box -->\n \n        <\/div><!-- .banner-layers -->\n      <\/div><!-- .banner-inner -->\n\n            \n<style scope=\"scope\">\n\n#banner-1659897525 {\n  padding-top: 372px;\n}\n#banner-1659897525 .bg.bg-loaded {\n  background-image: url(https:\/\/adamtextiel.rs\/wp-content\/uploads\/2019\/03\/lokacije-1400x365.jpg);\n}\n#banner-1659897525 .bg {\n  background-position: 9% 38%;\n}\n\n\n@media (min-width:550px) {\n\n  #banner-1659897525 {\n    padding-top: 420px;\n  }\n\n}\n<\/style>\n  <\/div><!-- .banner -->\n\n\n\t<section class=\"section\" id=\"section_1283508403\">\n\t\t<div class=\"bg section-bg fill bg-fill  bg-loaded\" >\n\n\t\t\t\n\t\t\t<div class=\"section-bg-overlay absolute fill\"><\/div>\n\t\t\t\n\n\t\t<\/div><!-- .section-bg -->\n\n\t\t<div class=\"section-content relative\">\n\t\t\t\n<div class=\"row row-large align-middle\"  id=\"row-2102284831\">\n<div class=\"col medium-8 small-12 large-8\"  ><div class=\"col-inner text-left\"  >\n<div class=\"container section-title-container\" ><h3 class=\"section-title section-title-bold\"><b><\/b><span class=\"section-title-main\" style=\"color:rgb(0, 0, 0);\"><i class=\"icon-shopping-cart\" ><\/i>Tan\u00e1csok bolt nyit\u00e1shoz<\/span><b><\/b><\/h3><\/div><!-- .section-title -->\n<ul>\n<li style=\"text-align: left;\"><span style=\"color: #000000;\">N\u00e9h\u00e1ny adat megad\u00e1sa ut\u00e1n felm\u00e9rj\u00fck az indul\u00e1shoz sz\u00fcks\u00e9ges ruha mennyis\u00e9g\u00e9t<\/span><\/li>\n<li dir=\"auto\"><span style=\"color: #000000;\">Javaslatot tesz\u00fcnk a haszn\u00e1ltruha min\u0151s\u00e9gi szint (kr\u00e9m,extra,I.oszt)<wbr \/> kiv\u00e1laszt\u00e1s\u00e1ban vagy kombin\u00e1l\u00e1s\u00e1ban, felm\u00e9rve az adott k\u00f6r\u00fclm\u00e9nyeket (pl k\u00f6rny\u00e9k, konkurencia, anyagi keret stb.)<\/span><\/li>\n<li>\n<div dir=\"auto\" style=\"text-align: left;\">Seg\u00edt\u00fcnk sok \u00e9ves tapasztalatunk alapj\u00e1n a legmegfelel\u0151bb elad\u00e1si \u00e1rak kialak\u00edt\u00e1s\u00e1ban.<\/div>\n<\/li>\n<li>Megosztunk \u00f6n\u00f6kkel t\u00f6bb lehets\u00e9ges \u00fczletvezet\u00e9si strat\u00e9gi\u00e1t \u00e9s \u00e1tbesz\u00e9lj\u00fck azokat.<\/li>\n<li>Tov\u00e1bb\u00e1 inform\u00e1ci\u00f3t biztos\u00edtunk az \u00fczlet megnyit\u00e1s\u00e1hoz \u00e9s m\u0171k\u00f6dtet\u00e9s\u00e9hez sz\u00fcks\u00e9ges kell\u00e9kek legjobb \u00e1ron val\u00f3 beszerz\u00e9s\u00e9hez.<\/li>\n<\/ul>\n<a data-animate=\"bounceInUp\" href=\"http:\/\/adamtextiel.rs\/saveti-za-otvaranje-prodavnice\/\" target=\"_self\" class=\"button primary box-shadow-1 expand\"  style=\"border-radius:7px;\">\n    <span>Ingyenes konzult\u00e1ci\u00f3t<\/span>\n  <i class=\"icon-angle-right\" ><\/i><\/a>\n\n<\/div><\/div>\n<div class=\"col medium-4 small-12 large-4\"  ><div class=\"col-inner text-center\"  >\n\t<div class=\"img has-hover x md-x lg-x y md-y lg-y\" id=\"image_1398790548\">\n\t\t\t\t\t\t\t\t<div class=\"img-inner box-shadow-2 dark\" >\n\t\t\t<img loading=\"lazy\" decoding=\"async\" width=\"400\" height=\"800\" src=\"https:\/\/adamtextiel.rs\/wp-content\/uploads\/2019\/03\/Tabla_1000x2000_KONC_1J-400x800.jpg\" class=\"attachment-large size-large\" alt=\"\" srcset=\"https:\/\/adamtextiel.rs\/wp-content\/uploads\/2019\/03\/Tabla_1000x2000_KONC_1J-400x800.jpg 400w, https:\/\/adamtextiel.rs\/wp-content\/uploads\/2019\/03\/Tabla_1000x2000_KONC_1J-200x400.jpg 200w, https:\/\/adamtextiel.rs\/wp-content\/uploads\/2019\/03\/Tabla_1000x2000_KONC_1J-768x1536.jpg 768w, https:\/\/adamtextiel.rs\/wp-content\/uploads\/2019\/03\/Tabla_1000x2000_KONC_1J.jpg 1000w\" sizes=\"auto, (max-width: 400px) 100vw, 400px\" \/>\t\t\t\t\t\t\n\t\t\t\t\t<\/div>\n\t\t\t\t\t\t\t\t\n<style scope=\"scope\">\n\n#image_1398790548 {\n  width: 63%;\n}\n<\/style>\n\t<\/div>\n\t\n<\/div><\/div>\n\n<style scope=\"scope\">\n\n<\/style>\n<\/div>\n\t\t<\/div><!-- .section-content -->\n\n\t\t\n<style scope=\"scope\">\n\n#section_1283508403 {\n  padding-top: 60px;\n  padding-bottom: 60px;\n  background-color: rgb(255, 255, 255);\n}\n#section_1283508403 .section-bg-overlay {\n  background-color: rgba(255, 255, 255, 0.85);\n}\n<\/style>\n\t<\/section>\n\t\n\n  <div class=\"banner has-hover\" id=\"banner-2065477712\">\n          <div class=\"banner-inner fill\">\n        <div class=\"banner-bg fill\" >\n            <div class=\"bg fill bg-fill \"><\/div>\n                                    \n                    <\/div><!-- bg-layers -->\n        <div class=\"banner-layers container\">\n            <div class=\"fill banner-link\"><\/div>            \n   <div id=\"text-box-1428683602\" class=\"text-box banner-layer x100 md-x100 lg-x100 y50 md-y50 lg-y50 res-text\">\n                                <div class=\"text text-shadow-2\">\n              \n              <div class=\"text-inner text-center\">\n                  \n<h2 class=\"uppercase\" style=\"text-align: left;\"><span style=\"color: #000000;\"><strong>ADAMTEXTIEL<\/strong><\/span><\/h2>\n<h3 style=\"text-align: left;\"><span style=\"color: #000000;\">SECOND HAND <\/span><\/h3>\n<p>Sz\u00e9les k\u00edn\u00e1latunkban megtal\u00e1lhat\u00f3 n\u0151i, f\u00e9rfi \u00e9s gyermek haszn\u00e1ltruha, valamint sz\u00e1mos egy\u00e9b kieg\u00e9szit\u0151, mint az \u00f6vek, t\u00e1sk\u00e1k, b\u0151r\u00e1r\u00fa \u00e9s lak\u00e1stext\u00edlia. Term\u00e9keink k\u00f6z\u00f6tt ismert nemzetk\u00f6zi m\u00e1rk\u00e1k ruh\u00e1i szerepelnek, mint pl. BOSS, ZARA,<br \/>TOMMY HILFIGER, H&amp;M, NIKE, ADIDAS, CAMEL\u2026<\/p>\n<a data-animate=\"bounceInUp\" href=\"http:\/\/adamtextiel.rs\/o-nama\/\" target=\"_self\" class=\"button primary is-outline\"  >\n    <span>r\u00f3lunk<\/span>\n  <\/a>\n\n              <\/div>\n           <\/div><!-- text-box-inner -->\n                            \n<style scope=\"scope\">\n\n#text-box-1428683602 {\n  width: 70%;\n}\n#text-box-1428683602 .text {\n  font-size: 100%;\n}\n\n\n@media (min-width:550px) {\n\n  #text-box-1428683602 {\n    width: 55%;\n  }\n\n}\n<\/style>\n    <\/div><!-- text-box -->\n \n        <\/div><!-- .banner-layers -->\n      <\/div><!-- .banner-inner -->\n\n            \n<style scope=\"scope\">\n\n#banner-2065477712 {\n  padding-top: 305px;\n}\n#banner-2065477712 .bg.bg-loaded {\n  background-image: url(https:\/\/adamtextiel.rs\/wp-content\/uploads\/2019\/03\/adamtextil-1-1400x365.jpg);\n}\n#banner-2065477712 .bg {\n  background-position: 42% 42%;\n}\n\n\n@media (min-width:550px) {\n\n  #banner-2065477712 {\n    padding-top: 420px;\n  }\n\n}\n<\/style>\n  <\/div><!-- .banner -->\n\n\n<\/p>\n<\/p>","protected":false},"excerpt":{"rendered":"","protected":false},"author":1,"featured_media":0,"parent":0,"menu_order":0,"comment_status":"closed","ping_status":"open","template":"page-blank.php","meta":{"footnotes":""},"class_list":["post-2","page","type-page","status-publish","hentry"],"yoast_head":"<!-- This site is optimized with the Yoast SEO plugin v27.4 - https:\/\/yoast.com\/product\/yoast-seo-wordpress\/ -->\n<title>(Srpski) Second Hand Srbija polovna garderoba - Adamtextiel - Uvoz iz prve ruke<\/title>\n<meta name=\"description\" content=\"(Srpski) Second Hand polovna garderoba Adamtextiel - Saveti za otvaranje prodavnice - \u0161irok asortiman \u017eenske, mu\u0161ke i de\u010dije polovne garderobe - Uvoz iz Prve ruke.\" \/>\n<meta name=\"robots\" content=\"index, follow, max-snippet:-1, max-image-preview:large, max-video-preview:-1\" \/>\n<link rel=\"canonical\" href=\"https:\/\/adamtextiel.rs\/\" \/>\n<meta property=\"og:locale\" content=\"hu_HU\" \/>\n<meta property=\"og:type\" content=\"article\" \/>\n<meta property=\"og:title\" content=\"[:sr] Second Hand Srbija polovna garderoba - Adamtextiel - Uvoz iz prve ruke[:]\" \/>\n<meta property=\"og:description\" content=\"{:sr}Second Hand polovna garderoba Adamtextiel - Saveti za otvaranje prodavnice - \u0161irok asortiman \u017eenske, mu\u0161ke i de\u010dije polovne garderobe - Uvoz iz Prve ruke. {:}\" \/>\n<meta property=\"og:url\" content=\"https:\/\/adamtextiel.rs\/\" \/>\n<meta property=\"og:site_name\" content=\"Adamtextiel\" \/>\n<meta property=\"article:modified_time\" content=\"2025-10-27T07:42:59+00:00\" \/>\n<meta name=\"twitter:card\" content=\"summary_large_image\" \/>\n<meta name=\"twitter:label1\" content=\"Becs\u00fclt olvas\u00e1si id\u0151\" \/>\n\t<meta name=\"twitter:data1\" content=\"3 perc\" \/>\n<script type=\"application\/ld+json\" class=\"yoast-schema-graph\">{\"@context\":\"https:\\\/\\\/schema.org\",\"@graph\":[{\"@type\":\"WebPage\",\"@id\":\"https:\\\/\\\/adamtextiel.rs\\\/\",\"url\":\"https:\\\/\\\/adamtextiel.rs\\\/\",\"name\":\"[:sr] Second Hand Srbija polovna garderoba - Adamtextiel - Uvoz iz prve ruke[:]\",\"isPartOf\":{\"@id\":\"https:\\\/\\\/adamtextiel.rs\\\/#website\"},\"datePublished\":\"2019-03-13T12:52:41+00:00\",\"dateModified\":\"2025-10-27T07:42:59+00:00\",\"description\":\"{:sr}Second Hand polovna garderoba Adamtextiel - Saveti za otvaranje prodavnice - \u0161irok asortiman \u017eenske, mu\u0161ke i de\u010dije polovne garderobe - Uvoz iz Prve ruke. {:}\",\"breadcrumb\":{\"@id\":\"https:\\\/\\\/adamtextiel.rs\\\/#breadcrumb\"},\"inLanguage\":\"hu\",\"potentialAction\":[{\"@type\":\"ReadAction\",\"target\":[\"https:\\\/\\\/adamtextiel.rs\\\/\"]}]},{\"@type\":\"BreadcrumbList\",\"@id\":\"https:\\\/\\\/adamtextiel.rs\\\/#breadcrumb\",\"itemListElement\":[{\"@type\":\"ListItem\",\"position\":1,\"name\":\"Home\",\"item\":\"https:\\\/\\\/adamtextiel.rs\\\/\"},{\"@type\":\"ListItem\",\"position\":2,\"name\":\"Naslovna\"}]},{\"@type\":\"WebSite\",\"@id\":\"https:\\\/\\\/adamtextiel.rs\\\/#website\",\"url\":\"https:\\\/\\\/adamtextiel.rs\\\/\",\"name\":\"Adamtextiel\",\"description\":\"Second Hand - prodaja polovne garderobe\",\"potentialAction\":[{\"@type\":\"SearchAction\",\"target\":{\"@type\":\"EntryPoint\",\"urlTemplate\":\"https:\\\/\\\/adamtextiel.rs\\\/?s={search_term_string}\"},\"query-input\":{\"@type\":\"PropertyValueSpecification\",\"valueRequired\":true,\"valueName\":\"search_term_string\"}}],\"inLanguage\":\"hu\"}]}<\/script>\n<!-- \/ Yoast SEO plugin. -->","yoast_head_json":{"title":"(Srpski) Second Hand Srbija polovna garderoba - Adamtextiel - Uvoz iz prve ruke","description":"(Srpski) Second Hand polovna garderoba Adamtextiel - Saveti za otvaranje prodavnice - \u0161irok asortiman \u017eenske, mu\u0161ke i de\u010dije polovne garderobe - Uvoz iz Prve ruke.","robots":{"index":"index","follow":"follow","max-snippet":"max-snippet:-1","max-image-preview":"max-image-preview:large","max-video-preview":"max-video-preview:-1"},"canonical":"https:\/\/adamtextiel.rs\/","og_locale":"hu_HU","og_type":"article","og_title":"[:sr] Second Hand Srbija polovna garderoba - Adamtextiel - Uvoz iz prve ruke[:]","og_description":"{:sr}Second Hand polovna garderoba Adamtextiel - Saveti za otvaranje prodavnice - \u0161irok asortiman \u017eenske, mu\u0161ke i de\u010dije polovne garderobe - Uvoz iz Prve ruke. {:}","og_url":"https:\/\/adamtextiel.rs\/","og_site_name":"Adamtextiel","article_modified_time":"2025-10-27T07:42:59+00:00","twitter_card":"summary_large_image","twitter_misc":{"Becs\u00fclt olvas\u00e1si id\u0151":"3 perc"},"schema":{"@context":"https:\/\/schema.org","@graph":[{"@type":"WebPage","@id":"https:\/\/adamtextiel.rs\/","url":"https:\/\/adamtextiel.rs\/","name":"[:sr] Second Hand Srbija polovna garderoba - Adamtextiel - Uvoz iz prve ruke[:]","isPartOf":{"@id":"https:\/\/adamtextiel.rs\/#website"},"datePublished":"2019-03-13T12:52:41+00:00","dateModified":"2025-10-27T07:42:59+00:00","description":"{:sr}Second Hand polovna garderoba Adamtextiel - Saveti za otvaranje prodavnice - \u0161irok asortiman \u017eenske, mu\u0161ke i de\u010dije polovne garderobe - Uvoz iz Prve ruke. {:}","breadcrumb":{"@id":"https:\/\/adamtextiel.rs\/#breadcrumb"},"inLanguage":"hu","potentialAction":[{"@type":"ReadAction","target":["https:\/\/adamtextiel.rs\/"]}]},{"@type":"BreadcrumbList","@id":"https:\/\/adamtextiel.rs\/#breadcrumb","itemListElement":[{"@type":"ListItem","position":1,"name":"Home","item":"https:\/\/adamtextiel.rs\/"},{"@type":"ListItem","position":2,"name":"Naslovna"}]},{"@type":"WebSite","@id":"https:\/\/adamtextiel.rs\/#website","url":"https:\/\/adamtextiel.rs\/","name":"Adamtextiel","description":"Second Hand - prodaja polovne garderobe","potentialAction":[{"@type":"SearchAction","target":{"@type":"EntryPoint","urlTemplate":"https:\/\/adamtextiel.rs\/?s={search_term_string}"},"query-input":{"@type":"PropertyValueSpecification","valueRequired":true,"valueName":"search_term_string"}}],"inLanguage":"hu"}]}},"_links":{"self":[{"href":"https:\/\/adamtextiel.rs\/hu\/wp-json\/wp\/v2\/pages\/2","targetHints":{"allow":["GET"]}}],"collection":[{"href":"https:\/\/adamtextiel.rs\/hu\/wp-json\/wp\/v2\/pages"}],"about":[{"href":"https:\/\/adamtextiel.rs\/hu\/wp-json\/wp\/v2\/types\/page"}],"author":[{"embeddable":true,"href":"https:\/\/adamtextiel.rs\/hu\/wp-json\/wp\/v2\/users\/1"}],"replies":[{"embeddable":true,"href":"https:\/\/adamtextiel.rs\/hu\/wp-json\/wp\/v2\/comments?post=2"}],"version-history":[{"count":92,"href":"https:\/\/adamtextiel.rs\/hu\/wp-json\/wp\/v2\/pages\/2\/revisions"}],"predecessor-version":[{"id":689,"href":"https:\/\/adamtextiel.rs\/hu\/wp-json\/wp\/v2\/pages\/2\/revisions\/689"}],"wp:attachment":[{"href":"https:\/\/adamtextiel.rs\/hu\/wp-json\/wp\/v2\/media?parent=2"}],"curies":[{"name":"wp","href":"https:\/\/api.w.org\/{rel}","templated":true}]}}