{"id":167,"date":"2019-03-23T08:42:21","date_gmt":"2019-03-23T08:42:21","guid":{"rendered":"http:\/\/adamtextiel.rs\/?page_id=167"},"modified":"2019-05-06T10:29:49","modified_gmt":"2019-05-06T10:29:49","slug":"saveti-za-otvaranje-prodavnice","status":"publish","type":"page","link":"https:\/\/adamtextiel.rs\/hu\/saveti-za-otvaranje-prodavnice\/","title":{"rendered":"Tan\u00e1csok bolt nyit\u00e1shoz"},"content":{"rendered":"<section class=\"section\" id=\"section_330621664\">\n\t\t<div class=\"bg section-bg fill bg-fill  \" >\n\n\t\t\t\n\t\t\t\n\t\t\t\n\n\t\t<\/div><!-- .section-bg -->\n\n\t\t<div class=\"section-content relative\">\n\t\t\t\n<div class=\"row row-collapse align-center\"  id=\"row-1605918353\">\n<div class=\"col medium-6 small-12 large-6\"  ><div class=\"col-inner\"  >\n\n  <div class=\"banner has-hover\" id=\"banner-763977496\">\n          <div class=\"banner-inner fill\">\n        <div class=\"banner-bg fill\" >\n            <div class=\"bg fill bg-fill \"><\/div>\n                                    \n                    <\/div><!-- bg-layers -->\n        <div class=\"banner-layers container\">\n            <div class=\"fill banner-link\"><\/div>            \n   <div id=\"text-box-1155286680\" class=\"text-box banner-layer x50 md-x50 lg-x50 y50 md-y50 lg-y50 res-text\">\n                                <div class=\"text dark text-shadow-2\">\n              \n              <div class=\"text-inner text-left\">\n                  \n<h3>Tan\u00e1csok bolt nyit\u00e1shoz:<\/h3>\n<hr \/>\n<ul>\n<li>N\u00e9h\u00e1ny adat megad\u00e1sa ut\u00e1n felm\u00e9rj\u00fck az indul\u00e1shoz sz\u00fcks\u00e9ges ruha mennyis\u00e9g\u00e9t<\/li>\n<li>\n<div dir=\"auto\">Javaslatot tesz\u00fcnk a haszn\u00e1ltruha min\u0151s\u00e9gi szint (kr\u00e9m,extra,I.oszt)<wbr \/>kiv\u00e1laszt\u00e1s\u00e1ban vagy kombin\u00e1l\u00e1s\u00e1ban,felm\u00e9rve az adott k\u00f6r\u00fclm\u00e9nyeket(pl k\u00f6rny\u00e9k ,konkurencia,anyagi keret stb.)<\/div>\n<\/li>\n<li>\n<div dir=\"auto\">Seg\u00edt\u00fcnk sok \u00e9ves tapasztalatunk alapj\u00e1n a legmegfelel\u0151bb elad\u00e1si \u00e1rak kialak\u00edt\u00e1s\u00e1ban.<\/div>\n<\/li>\n<li>Megosztunk \u00f6n\u00f6kkel t\u00f6bb lehets\u00e9ges \u00fczletvezet\u00e9si strat\u00e9gi\u00e1t \u00e9s \u00e1tbesz\u00e9lj\u00fck azokat.<\/li>\n<li>\n<div dir=\"auto\">Tov\u00e1bb\u00e1 inform\u00e1ci\u00f3t biztos\u00edtunk az \u00fczlet megnyit\u00e1s\u00e1hoz \u00e9s m\u0171k\u00f6dtet\u00e9s\u00e9hez sz\u00fcks\u00e9ges kell\u00e9kek legjobb \u00e1ron val\u00f3 beszerz\u00e9s\u00e9hez.<\/div>\n<\/li>\n<\/ul>\n<a href=\"http:\/\/+381%2063%201141%20722\" target=\"_self\" class=\"button primary\"  >\n    <span>Ingyenes konzult\u00e1ci\u00f3t<\/span>\n  <\/a>\n\n              <\/div>\n           <\/div><!-- text-box-inner -->\n                            \n<style scope=\"scope\">\n\n#text-box-1155286680 {\n  width: 80%;\n}\n#text-box-1155286680 .text {\n  font-size: 146%;\n}\n\n\n@media (min-width:550px) {\n\n  #text-box-1155286680 {\n    width: 89%;\n  }\n\n}\n<\/style>\n    <\/div><!-- text-box -->\n \n        <\/div><!-- .banner-layers -->\n      <\/div><!-- .banner-inner -->\n\n            \n<style scope=\"scope\">\n\n#banner-763977496 {\n  padding-top: 500px;\n  background-color: rgb(0,0,0);\n}\n<\/style>\n  <\/div><!-- .banner -->\n\n\n<\/div><\/div>\n<div class=\"col medium-6 small-12 large-6\"  ><div class=\"col-inner\"  >\n\n  <div class=\"banner has-hover\" id=\"banner-1609518047\">\n          <div class=\"banner-inner fill\">\n        <div class=\"banner-bg fill\" >\n            <div class=\"bg fill bg-fill \"><\/div>\n                                    \n                    <\/div><!-- bg-layers -->\n        <div class=\"banner-layers container\">\n            <div class=\"fill banner-link\"><\/div>            \n   <div id=\"text-box-1996419414\" class=\"text-box banner-layer x50 md-x50 lg-x50 y50 md-y50 lg-y50 res-text\">\n                                <div class=\"text \">\n              \n              <div class=\"text-inner text-center\">\n                  \n\t<div id=\"gap-1341848507\" class=\"gap-element clearfix\" style=\"display:block; height:auto;\">\n\t\t\n<style scope=\"scope\">\n\n#gap-1341848507 {\n  padding-top: 22px;\n}\n<\/style>\n\t<\/div>\n\t\n<p class=\"uppercase\"><span style=\"font-size: 110%;\">\u0170rlap kit\u00f6lt\u00e9se.<\/span><\/p>\n<p>\n\n<div class=\"wpcf7 no-js\" id=\"wpcf7-f229-o2\" lang=\"sr-SR\" dir=\"ltr\" data-wpcf7-id=\"229\">\n<div class=\"screen-reader-response\"><p role=\"status\" aria-live=\"polite\" aria-atomic=\"true\"><\/p> <ul><\/ul><\/div>\n<form action=\"\/hu\/wp-json\/wp\/v2\/pages\/167#wpcf7-f229-o2\" method=\"post\" class=\"wpcf7-form init\" aria-label=\"Kapcsolatfelv\u00e9teli \u0171rlap\" novalidate=\"novalidate\" data-status=\"init\">\n<fieldset class=\"hidden-fields-container\"><input type=\"hidden\" name=\"_wpcf7\" value=\"229\" \/><input type=\"hidden\" name=\"_wpcf7_version\" value=\"6.1.5\" \/><input type=\"hidden\" name=\"_wpcf7_locale\" value=\"sr_SR\" \/><input type=\"hidden\" name=\"_wpcf7_unit_tag\" value=\"wpcf7-f229-o2\" \/><input type=\"hidden\" name=\"_wpcf7_container_post\" value=\"0\" \/><input type=\"hidden\" name=\"_wpcf7_posted_data_hash\" value=\"\" \/><input type=\"hidden\" name=\"_wpcf7_recaptcha_response\" value=\"\" \/>\n<\/fieldset>\n<p><label> Ime (required)<br \/>\n<span class=\"wpcf7-form-control-wrap\" data-name=\"your-name\"><input size=\"40\" maxlength=\"400\" class=\"wpcf7-form-control wpcf7-text wpcf7-validates-as-required\" aria-required=\"true\" aria-invalid=\"false\" value=\"\" type=\"text\" name=\"your-name\" \/><\/span> <\/label>\n<\/p>\n<p><label> Email (required)<br \/>\n<span class=\"wpcf7-form-control-wrap\" data-name=\"your-email\"><input size=\"40\" maxlength=\"400\" class=\"wpcf7-form-control wpcf7-email wpcf7-validates-as-required wpcf7-text wpcf7-validates-as-email\" aria-required=\"true\" aria-invalid=\"false\" value=\"\" type=\"email\" name=\"your-email\" \/><\/span> <\/label>\n<\/p>\n<p><label> Naslov<br \/>\n<span class=\"wpcf7-form-control-wrap\" data-name=\"your-subject\"><input size=\"40\" maxlength=\"400\" class=\"wpcf7-form-control wpcf7-text\" aria-invalid=\"false\" value=\"\" type=\"text\" name=\"your-subject\" \/><\/span> <\/label>\n<\/p>\n<p><label> Vasa poruka<br \/>\n<span class=\"wpcf7-form-control-wrap\" data-name=\"your-message\"><textarea cols=\"40\" rows=\"10\" maxlength=\"2000\" class=\"wpcf7-form-control wpcf7-textarea\" aria-invalid=\"false\" name=\"your-message\"><\/textarea><\/span> <\/label>\n<\/p>\n<p><input class=\"wpcf7-form-control wpcf7-submit has-spinner\" type=\"submit\" value=\"Posalji\" \/>\n<\/p><input type='hidden' class='wpcf7-pum' value='{\"closepopup\":false,\"closedelay\":0,\"openpopup\":false,\"openpopup_id\":0}' \/><div class=\"wpcf7-response-output\" aria-hidden=\"true\"><\/div>\n<\/form>\n<\/div>\n\n              <\/div>\n           <\/div><!-- text-box-inner -->\n                            \n<style scope=\"scope\">\n\n#text-box-1996419414 {\n  width: 81%;\n}\n#text-box-1996419414 .text {\n  font-size: 129%;\n}\n<\/style>\n    <\/div><!-- text-box -->\n \n        <\/div><!-- .banner-layers -->\n      <\/div><!-- .banner-inner -->\n\n            \n<style scope=\"scope\">\n\n#banner-1609518047 {\n  padding-top: 500px;\n  background-color: rgb(255,255,255);\n}\n<\/style>\n  <\/div><!-- .banner -->\n\n\n<\/div><\/div>\n\n<style scope=\"scope\">\n\n<\/style>\n<\/div>\n\t\t<\/div><!-- .section-content -->\n\n\t\t\n<style scope=\"scope\">\n\n#section_330621664 {\n  padding-top: 0px;\n  padding-bottom: 0px;\n}\n#section_330621664 .section-bg.bg-loaded {\n  background-image: url(https:\/\/adamtextiel.rs\/wp-content\/uploads\/2019\/03\/unsplash18-4-of-5.jpg);\n}\n#section_330621664 .section-bg {\n  background-position: 58% 18%;\n}\n\n\n@media (min-width:550px) {\n\n  #section_330621664 {\n    padding-top: 70px;\n    padding-bottom: 70px;\n  }\n\n}\n<\/style>\n\t<\/section>","protected":false},"excerpt":{"rendered":"","protected":false},"author":1,"featured_media":0,"parent":0,"menu_order":0,"comment_status":"closed","ping_status":"closed","template":"","meta":{"footnotes":""},"class_list":["post-167","page","type-page","status-publish","hentry"],"yoast_head":"<!-- This site is optimized with the Yoast SEO plugin v27.4 - https:\/\/yoast.com\/product\/yoast-seo-wordpress\/ -->\n<title>Tan\u00e1csok bolt nyit\u00e1shoz - Adamtextiel secend hand<\/title>\n<meta name=\"description\" content=\"Saveti za otvaranje prodavnice polovne garderobe | secend hand. Nudimo prvoklasnu, brendiranu, sortiranu polovnu garderobu..\" \/>\n<meta name=\"robots\" content=\"index, follow, max-snippet:-1, max-image-preview:large, max-video-preview:-1\" \/>\n<link rel=\"canonical\" href=\"https:\/\/adamtextiel.rs\/saveti-za-otvaranje-prodavnice\/\" \/>\n<meta property=\"og:locale\" content=\"hu_HU\" \/>\n<meta property=\"og:type\" content=\"article\" \/>\n<meta property=\"og:title\" content=\"Tan\u00e1csok bolt nyit\u00e1shoz - Adamtextiel secend hand\" \/>\n<meta property=\"og:description\" content=\"Saveti za otvaranje prodavnice polovne garderobe | secend hand. Nudimo prvoklasnu, brendiranu, sortiranu polovnu garderobu..\" \/>\n<meta property=\"og:url\" content=\"https:\/\/adamtextiel.rs\/saveti-za-otvaranje-prodavnice\/\" \/>\n<meta property=\"og:site_name\" content=\"Adamtextiel\" \/>\n<meta property=\"article:modified_time\" content=\"2019-05-06T10:29:49+00:00\" \/>\n<meta name=\"twitter:card\" content=\"summary_large_image\" \/>\n<meta name=\"twitter:label1\" content=\"Becs\u00fclt olvas\u00e1si id\u0151\" \/>\n\t<meta name=\"twitter:data1\" content=\"2 perc\" \/>\n<script type=\"application\/ld+json\" class=\"yoast-schema-graph\">{\"@context\":\"https:\\\/\\\/schema.org\",\"@graph\":[{\"@type\":\"WebPage\",\"@id\":\"https:\\\/\\\/adamtextiel.rs\\\/saveti-za-otvaranje-prodavnice\\\/\",\"url\":\"https:\\\/\\\/adamtextiel.rs\\\/saveti-za-otvaranje-prodavnice\\\/\",\"name\":\"Tan\u00e1csok bolt nyit\u00e1shoz - Adamtextiel secend hand\",\"isPartOf\":{\"@id\":\"https:\\\/\\\/adamtextiel.rs\\\/#website\"},\"datePublished\":\"2019-03-23T08:42:21+00:00\",\"dateModified\":\"2019-05-06T10:29:49+00:00\",\"description\":\"Saveti za otvaranje prodavnice polovne garderobe | secend hand. Nudimo prvoklasnu, brendiranu, sortiranu polovnu garderobu..\",\"breadcrumb\":{\"@id\":\"https:\\\/\\\/adamtextiel.rs\\\/saveti-za-otvaranje-prodavnice\\\/#breadcrumb\"},\"inLanguage\":\"hu\",\"potentialAction\":[{\"@type\":\"ReadAction\",\"target\":[\"https:\\\/\\\/adamtextiel.rs\\\/saveti-za-otvaranje-prodavnice\\\/\"]}]},{\"@type\":\"BreadcrumbList\",\"@id\":\"https:\\\/\\\/adamtextiel.rs\\\/saveti-za-otvaranje-prodavnice\\\/#breadcrumb\",\"itemListElement\":[{\"@type\":\"ListItem\",\"position\":1,\"name\":\"Home\",\"item\":\"https:\\\/\\\/adamtextiel.rs\\\/\"},{\"@type\":\"ListItem\",\"position\":2,\"name\":\"Saveti za otvaranje prodavnice\"}]},{\"@type\":\"WebSite\",\"@id\":\"https:\\\/\\\/adamtextiel.rs\\\/#website\",\"url\":\"https:\\\/\\\/adamtextiel.rs\\\/\",\"name\":\"Adamtextiel\",\"description\":\"Second Hand - prodaja polovne garderobe\",\"potentialAction\":[{\"@type\":\"SearchAction\",\"target\":{\"@type\":\"EntryPoint\",\"urlTemplate\":\"https:\\\/\\\/adamtextiel.rs\\\/?s={search_term_string}\"},\"query-input\":{\"@type\":\"PropertyValueSpecification\",\"valueRequired\":true,\"valueName\":\"search_term_string\"}}],\"inLanguage\":\"hu\"}]}<\/script>\n<!-- \/ Yoast SEO plugin. -->","yoast_head_json":{"title":"Tan\u00e1csok bolt nyit\u00e1shoz - Adamtextiel secend hand","description":"Saveti za otvaranje prodavnice polovne garderobe | secend hand. Nudimo prvoklasnu, brendiranu, sortiranu polovnu garderobu..","robots":{"index":"index","follow":"follow","max-snippet":"max-snippet:-1","max-image-preview":"max-image-preview:large","max-video-preview":"max-video-preview:-1"},"canonical":"https:\/\/adamtextiel.rs\/saveti-za-otvaranje-prodavnice\/","og_locale":"hu_HU","og_type":"article","og_title":"Tan\u00e1csok bolt nyit\u00e1shoz - Adamtextiel secend hand","og_description":"Saveti za otvaranje prodavnice polovne garderobe | secend hand. Nudimo prvoklasnu, brendiranu, sortiranu polovnu garderobu..","og_url":"https:\/\/adamtextiel.rs\/saveti-za-otvaranje-prodavnice\/","og_site_name":"Adamtextiel","article_modified_time":"2019-05-06T10:29:49+00:00","twitter_card":"summary_large_image","twitter_misc":{"Becs\u00fclt olvas\u00e1si id\u0151":"2 perc"},"schema":{"@context":"https:\/\/schema.org","@graph":[{"@type":"WebPage","@id":"https:\/\/adamtextiel.rs\/saveti-za-otvaranje-prodavnice\/","url":"https:\/\/adamtextiel.rs\/saveti-za-otvaranje-prodavnice\/","name":"Tan\u00e1csok bolt nyit\u00e1shoz - Adamtextiel secend hand","isPartOf":{"@id":"https:\/\/adamtextiel.rs\/#website"},"datePublished":"2019-03-23T08:42:21+00:00","dateModified":"2019-05-06T10:29:49+00:00","description":"Saveti za otvaranje prodavnice polovne garderobe | secend hand. Nudimo prvoklasnu, brendiranu, sortiranu polovnu garderobu..","breadcrumb":{"@id":"https:\/\/adamtextiel.rs\/saveti-za-otvaranje-prodavnice\/#breadcrumb"},"inLanguage":"hu","potentialAction":[{"@type":"ReadAction","target":["https:\/\/adamtextiel.rs\/saveti-za-otvaranje-prodavnice\/"]}]},{"@type":"BreadcrumbList","@id":"https:\/\/adamtextiel.rs\/saveti-za-otvaranje-prodavnice\/#breadcrumb","itemListElement":[{"@type":"ListItem","position":1,"name":"Home","item":"https:\/\/adamtextiel.rs\/"},{"@type":"ListItem","position":2,"name":"Saveti za otvaranje prodavnice"}]},{"@type":"WebSite","@id":"https:\/\/adamtextiel.rs\/#website","url":"https:\/\/adamtextiel.rs\/","name":"Adamtextiel","description":"Second Hand - prodaja polovne garderobe","potentialAction":[{"@type":"SearchAction","target":{"@type":"EntryPoint","urlTemplate":"https:\/\/adamtextiel.rs\/?s={search_term_string}"},"query-input":{"@type":"PropertyValueSpecification","valueRequired":true,"valueName":"search_term_string"}}],"inLanguage":"hu"}]}},"_links":{"self":[{"href":"https:\/\/adamtextiel.rs\/hu\/wp-json\/wp\/v2\/pages\/167","targetHints":{"allow":["GET"]}}],"collection":[{"href":"https:\/\/adamtextiel.rs\/hu\/wp-json\/wp\/v2\/pages"}],"about":[{"href":"https:\/\/adamtextiel.rs\/hu\/wp-json\/wp\/v2\/types\/page"}],"author":[{"embeddable":true,"href":"https:\/\/adamtextiel.rs\/hu\/wp-json\/wp\/v2\/users\/1"}],"replies":[{"embeddable":true,"href":"https:\/\/adamtextiel.rs\/hu\/wp-json\/wp\/v2\/comments?post=167"}],"version-history":[{"count":7,"href":"https:\/\/adamtextiel.rs\/hu\/wp-json\/wp\/v2\/pages\/167\/revisions"}],"predecessor-version":[{"id":359,"href":"https:\/\/adamtextiel.rs\/hu\/wp-json\/wp\/v2\/pages\/167\/revisions\/359"}],"wp:attachment":[{"href":"https:\/\/adamtextiel.rs\/hu\/wp-json\/wp\/v2\/media?parent=167"}],"curies":[{"name":"wp","href":"https:\/\/api.w.org\/{rel}","templated":true}]}}