{"id":162,"date":"2019-03-23T08:41:34","date_gmt":"2019-03-23T08:41:34","guid":{"rendered":"http:\/\/adamtextiel.rs\/?page_id=162"},"modified":"2026-01-08T09:51:33","modified_gmt":"2026-01-08T09:51:33","slug":"kontakt","status":"publish","type":"page","link":"https:\/\/adamtextiel.rs\/hu\/kontakt\/","title":{"rendered":"Kapcsolat"},"content":{"rendered":"<div class=\"container section-title-container\" ><h3 class=\"section-title section-title-bold\"><b><\/b><span class=\"section-title-main\" >Nagyker<\/span><b><\/b><\/h3><\/div><!-- .section-title -->\n<div class=\"row\"  id=\"row-1694096210\">\n<div class=\"col medium-4 small-12 large-4\"  ><div class=\"col-inner\"  >\n<p><span style=\"color: #000000;\"><strong><span style=\"font-size: 110%;\">Second hand <span class=\"tlid-translation translation\" lang=\"hu\"><span class=\"alt-edited\" title=\"\">Nagyker<\/span><\/span><br \/><\/span><\/strong><\/span><\/p>\n<p><strong>Cim: <\/strong>Petefi \u0160andora 1, Zenta<\/p>\n<p><strong>Mob.:<\/strong> 063 1141 722,<\/p>\n<p><strong>Mob.<\/strong>: 063\/1141975<\/p>\n<\/div><\/div>\n<div class=\"col medium-8 small-12 large-8\"  ><div class=\"col-inner\"  >\n<p><iframe loading=\"lazy\" style=\"border: 0;\" src=\"https:\/\/www.google.com\/maps\/embed?pb=!1m18!1m12!1m3!1d3924.541934062125!2d20.08081955721275!3d45.9298964321728!2m3!1f0!2f0!3f0!3m2!1i1024!2i768!4f13.1!3m3!1m2!1s0x4744bf00d78e84f3%3A0x71c38dccd97e4194!2z0J_QtdGC0LXRhNC4INCo0LDQvdC00L7RgNCwIDEsINCh0LXQvdGC0LA!5e0!3m2!1ssr!2srs!4v1553672616157\" width=\"800\" height=\"250\" frameborder=\"0\" allowfullscreen=\"allowfullscreen\"><\/iframe><\/p>\n<\/div><\/div>\n<\/div>\n<div class=\"container section-title-container\" ><h3 class=\"section-title section-title-bold\"><b><\/b><span class=\"section-title-main\" >SECOND HAND \u00fczletek<\/span><b><\/b><\/h3><\/div><!-- .section-title -->\n<div class=\"row\"  id=\"row-2082033411\">\n<div class=\"col medium-4 small-12 large-4\"  ><div class=\"col-inner\"  >\n<p>Second hand nagykeresked\u00e9s &#8211; Zenta<\/p>\n<p><strong>Cim: <\/strong>Petefi \u0160andora 1., Zenta<\/p>\n<p><strong>Tel.:<\/strong> 063\/1141724, <strong>Fax<\/strong>: 024\/811-876<\/p>\n<p><iframe loading=\"lazy\" style=\"border: 0;\" src=\"https:\/\/www.google.com\/maps\/embed?pb=!1m18!1m12!1m3!1d3924.541934062125!2d20.08081955721275!3d45.9298964321728!2m3!1f0!2f0!3f0!3m2!1i1024!2i768!4f13.1!3m3!1m2!1s0x4744bf00d78e84f3%3A0x71c38dccd97e4194!2z0J_QtdGC0LXRhNC4INCo0LDQvdC00L7RgNCwIDEsINCh0LXQvdGC0LA!5e0!3m2!1ssr!2srs!4v1553672616157\" width=\"600\" height=\"450\" frameborder=\"0\" allowfullscreen=\"allowfullscreen\"><\/iframe><\/p>\n<\/div><\/div>\n<div class=\"col medium-4 small-12 large-4\"  ><div class=\"col-inner\"  >\n<p>Second hand nagykeresked\u00e9s &#8211; Ujvidek<\/p>\n<p><strong>Cim:<\/strong> Bulevar Oslobodenja 88, Ujvidek<\/p>\n<p><strong>Tel.: <\/strong>063\/1141721<\/p>\n<p><iframe loading=\"lazy\" src=\"https:\/\/www.google.com\/maps\/embed?pb=!1m18!1m12!1m3!1d2808.879165379533!2d19.835834215153938!3d45.250236179099!2m3!1f0!2f0!3f0!3m2!1i1024!2i768!4f13.1!3m3!1m2!1s0x475b104023cda2d3%3A0x9844e211036ae794!2z0JHRg9C70LXQstCw0YAg0L7RgdC70L7QsdC-0ZLQtdGa0LAgODgsINCd0L7QstC4INCh0LDQtCAyMTAwMA!5e0!3m2!1ssr!2srs!4v1553672926216\" width=\"600\" height=\"450\" frameborder=\"0\" style=\"border:0\" allowfullscreen><\/iframe><\/p>\n<\/div><\/div>\n<div class=\"col medium-4 small-12 large-4\"  ><div class=\"col-inner\"  >\n<p>Second hand nagykeresked\u00e9s &#8211; Zrenjanin<\/p>\n<p><strong>Cim:<\/strong> Obala Sonje Marinkovi\u0107 16, Zrenjanin<\/p>\n<p><strong>Tel.: <\/strong>063\/1141720<\/p>\n<\/p>\n<p><iframe loading=\"lazy\" src=\"https:\/\/www.google.com\/maps\/embed?pb=!1m18!1m12!1m3!1d2802.362714667411!2d20.38322211515921!3d45.38185357910003!2m3!1f0!2f0!3f0!3m2!1i1024!2i768!4f13.1!3m3!1m2!1s0x475adb6b6c919e05%3A0xb7a2642cfc51af59!2z0J7QsdCw0LvQsCDQodC-0ZrQtSDQnNCw0YDQuNC90LrQvtCy0LjRmyAxNiwg0JfRgNC10ZrQsNC90LjQvQ!5e0!3m2!1ssr!2srs!4v1553672736981\" width=\"600\" height=\"450\" frameborder=\"0\" style=\"border:0\" allowfullscreen><\/iframe><\/p>\n<\/div><\/div>\n<\/div>","protected":false},"excerpt":{"rendered":"","protected":false},"author":1,"featured_media":0,"parent":0,"menu_order":0,"comment_status":"closed","ping_status":"closed","template":"","meta":{"footnotes":""},"class_list":["post-162","page","type-page","status-publish","hentry"],"yoast_head":"<!-- This site is optimized with the Yoast SEO plugin v27.4 - https:\/\/yoast.com\/product\/yoast-seo-wordpress\/ -->\n<title>(Srpski) Kapcsolat - Adamtextiel Mu\u0161ki sportski program za aktivan \u017eivot sportska...<\/title>\n<meta name=\"description\" content=\"(Srpski) Mu\u0161ki sportski program za aktivan \u017eivot, trenerke, sportska oprema,dresevi va\u0161ih omiljenih klubova. postali smo uvoznici i distributeri second hand robe...\" \/>\n<meta name=\"robots\" content=\"index, follow, max-snippet:-1, max-image-preview:large, max-video-preview:-1\" \/>\n<link rel=\"canonical\" href=\"https:\/\/adamtextiel.rs\/kontakt\/\" \/>\n<meta property=\"og:locale\" content=\"hu_HU\" \/>\n<meta property=\"og:type\" content=\"article\" \/>\n<meta property=\"og:title\" content=\"[:sr]Kapcsolat - Adamtextiel Mu\u0161ki sportski program za aktivan \u017eivot sportska...[:]\" \/>\n<meta property=\"og:description\" content=\"{:sr}Mu\u0161ki sportski program za aktivan \u017eivot, trenerke, sportska oprema,dresevi va\u0161ih omiljenih klubova. postali smo uvoznici i distributeri second hand robe...{:}\" \/>\n<meta property=\"og:url\" content=\"https:\/\/adamtextiel.rs\/kontakt\/\" \/>\n<meta property=\"og:site_name\" content=\"Adamtextiel\" \/>\n<meta property=\"article:modified_time\" content=\"2026-01-08T09:51:33+00:00\" \/>\n<meta name=\"twitter:card\" content=\"summary_large_image\" \/>\n<meta name=\"twitter:label1\" content=\"Becs\u00fclt olvas\u00e1si id\u0151\" \/>\n\t<meta name=\"twitter:data1\" content=\"1 perc\" \/>\n<script type=\"application\/ld+json\" class=\"yoast-schema-graph\">{\"@context\":\"https:\\\/\\\/schema.org\",\"@graph\":[{\"@type\":\"WebPage\",\"@id\":\"https:\\\/\\\/adamtextiel.rs\\\/kontakt\\\/\",\"url\":\"https:\\\/\\\/adamtextiel.rs\\\/kontakt\\\/\",\"name\":\"[:sr]Kapcsolat - Adamtextiel Mu\u0161ki sportski program za aktivan \u017eivot sportska...[:]\",\"isPartOf\":{\"@id\":\"https:\\\/\\\/adamtextiel.rs\\\/#website\"},\"datePublished\":\"2019-03-23T08:41:34+00:00\",\"dateModified\":\"2026-01-08T09:51:33+00:00\",\"description\":\"{:sr}Mu\u0161ki sportski program za aktivan \u017eivot, trenerke, sportska oprema,dresevi va\u0161ih omiljenih klubova. postali smo uvoznici i distributeri second hand robe...{:}\",\"breadcrumb\":{\"@id\":\"https:\\\/\\\/adamtextiel.rs\\\/kontakt\\\/#breadcrumb\"},\"inLanguage\":\"hu\",\"potentialAction\":[{\"@type\":\"ReadAction\",\"target\":[\"https:\\\/\\\/adamtextiel.rs\\\/kontakt\\\/\"]}]},{\"@type\":\"BreadcrumbList\",\"@id\":\"https:\\\/\\\/adamtextiel.rs\\\/kontakt\\\/#breadcrumb\",\"itemListElement\":[{\"@type\":\"ListItem\",\"position\":1,\"name\":\"Home\",\"item\":\"https:\\\/\\\/adamtextiel.rs\\\/\"},{\"@type\":\"ListItem\",\"position\":2,\"name\":\"Kontakt\"}]},{\"@type\":\"WebSite\",\"@id\":\"https:\\\/\\\/adamtextiel.rs\\\/#website\",\"url\":\"https:\\\/\\\/adamtextiel.rs\\\/\",\"name\":\"Adamtextiel\",\"description\":\"Second Hand - prodaja polovne garderobe\",\"potentialAction\":[{\"@type\":\"SearchAction\",\"target\":{\"@type\":\"EntryPoint\",\"urlTemplate\":\"https:\\\/\\\/adamtextiel.rs\\\/?s={search_term_string}\"},\"query-input\":{\"@type\":\"PropertyValueSpecification\",\"valueRequired\":true,\"valueName\":\"search_term_string\"}}],\"inLanguage\":\"hu\"}]}<\/script>\n<!-- \/ Yoast SEO plugin. -->","yoast_head_json":{"title":"(Srpski) Kapcsolat - Adamtextiel Mu\u0161ki sportski program za aktivan \u017eivot sportska...","description":"(Srpski) Mu\u0161ki sportski program za aktivan \u017eivot, trenerke, sportska oprema,dresevi va\u0161ih omiljenih klubova. postali smo uvoznici i distributeri second hand robe...","robots":{"index":"index","follow":"follow","max-snippet":"max-snippet:-1","max-image-preview":"max-image-preview:large","max-video-preview":"max-video-preview:-1"},"canonical":"https:\/\/adamtextiel.rs\/kontakt\/","og_locale":"hu_HU","og_type":"article","og_title":"[:sr]Kapcsolat - Adamtextiel Mu\u0161ki sportski program za aktivan \u017eivot sportska...[:]","og_description":"{:sr}Mu\u0161ki sportski program za aktivan \u017eivot, trenerke, sportska oprema,dresevi va\u0161ih omiljenih klubova. postali smo uvoznici i distributeri second hand robe...{:}","og_url":"https:\/\/adamtextiel.rs\/kontakt\/","og_site_name":"Adamtextiel","article_modified_time":"2026-01-08T09:51:33+00:00","twitter_card":"summary_large_image","twitter_misc":{"Becs\u00fclt olvas\u00e1si id\u0151":"1 perc"},"schema":{"@context":"https:\/\/schema.org","@graph":[{"@type":"WebPage","@id":"https:\/\/adamtextiel.rs\/kontakt\/","url":"https:\/\/adamtextiel.rs\/kontakt\/","name":"[:sr]Kapcsolat - Adamtextiel Mu\u0161ki sportski program za aktivan \u017eivot sportska...[:]","isPartOf":{"@id":"https:\/\/adamtextiel.rs\/#website"},"datePublished":"2019-03-23T08:41:34+00:00","dateModified":"2026-01-08T09:51:33+00:00","description":"{:sr}Mu\u0161ki sportski program za aktivan \u017eivot, trenerke, sportska oprema,dresevi va\u0161ih omiljenih klubova. postali smo uvoznici i distributeri second hand robe...{:}","breadcrumb":{"@id":"https:\/\/adamtextiel.rs\/kontakt\/#breadcrumb"},"inLanguage":"hu","potentialAction":[{"@type":"ReadAction","target":["https:\/\/adamtextiel.rs\/kontakt\/"]}]},{"@type":"BreadcrumbList","@id":"https:\/\/adamtextiel.rs\/kontakt\/#breadcrumb","itemListElement":[{"@type":"ListItem","position":1,"name":"Home","item":"https:\/\/adamtextiel.rs\/"},{"@type":"ListItem","position":2,"name":"Kontakt"}]},{"@type":"WebSite","@id":"https:\/\/adamtextiel.rs\/#website","url":"https:\/\/adamtextiel.rs\/","name":"Adamtextiel","description":"Second Hand - prodaja polovne garderobe","potentialAction":[{"@type":"SearchAction","target":{"@type":"EntryPoint","urlTemplate":"https:\/\/adamtextiel.rs\/?s={search_term_string}"},"query-input":{"@type":"PropertyValueSpecification","valueRequired":true,"valueName":"search_term_string"}}],"inLanguage":"hu"}]}},"_links":{"self":[{"href":"https:\/\/adamtextiel.rs\/hu\/wp-json\/wp\/v2\/pages\/162","targetHints":{"allow":["GET"]}}],"collection":[{"href":"https:\/\/adamtextiel.rs\/hu\/wp-json\/wp\/v2\/pages"}],"about":[{"href":"https:\/\/adamtextiel.rs\/hu\/wp-json\/wp\/v2\/types\/page"}],"author":[{"embeddable":true,"href":"https:\/\/adamtextiel.rs\/hu\/wp-json\/wp\/v2\/users\/1"}],"replies":[{"embeddable":true,"href":"https:\/\/adamtextiel.rs\/hu\/wp-json\/wp\/v2\/comments?post=162"}],"version-history":[{"count":24,"href":"https:\/\/adamtextiel.rs\/hu\/wp-json\/wp\/v2\/pages\/162\/revisions"}],"predecessor-version":[{"id":701,"href":"https:\/\/adamtextiel.rs\/hu\/wp-json\/wp\/v2\/pages\/162\/revisions\/701"}],"wp:attachment":[{"href":"https:\/\/adamtextiel.rs\/hu\/wp-json\/wp\/v2\/media?parent=162"}],"curies":[{"name":"wp","href":"https:\/\/api.w.org\/{rel}","templated":true}]}}