{"id":160,"date":"2019-03-23T08:41:21","date_gmt":"2019-03-23T08:41:21","guid":{"rendered":"http:\/\/adamtextiel.rs\/?page_id=160"},"modified":"2019-04-02T08:46:56","modified_gmt":"2019-04-02T08:46:56","slug":"galerija","status":"publish","type":"page","link":"https:\/\/adamtextiel.rs\/hu\/galerija\/","title":{"rendered":"K\u00e9pek"},"content":{"rendered":"<h2 style=\"text-align: center;\"><span class=\"tlid-translation translation\" lang=\"hu\"><span class=\"\" title=\"\">K\u00e9pgal\u00e9ria<\/span><\/span><\/h2>\n<div id='gallery-2' class='gallery galleryid-160 gallery-columns-4 gallery-size-thumbnail'><figure class='gallery-item'>\n\t\t\t<div class='gallery-icon portrait'>\n\t\t\t\t<a href='https:\/\/adamtextiel.rs\/wp-content\/uploads\/2019\/03\/IMG_5343.jpg'><img loading=\"lazy\" decoding=\"async\" width=\"280\" height=\"280\" src=\"https:\/\/adamtextiel.rs\/wp-content\/uploads\/2019\/03\/IMG_5343-280x280.jpg\" class=\"attachment-thumbnail size-thumbnail\" alt=\"\" \/><\/a>\n\t\t\t<\/div><\/figure><figure class='gallery-item'>\n\t\t\t<div class='gallery-icon portrait'>\n\t\t\t\t<a href='https:\/\/adamtextiel.rs\/wp-content\/uploads\/2019\/03\/IMG_5354.jpg'><img loading=\"lazy\" decoding=\"async\" width=\"280\" height=\"280\" src=\"https:\/\/adamtextiel.rs\/wp-content\/uploads\/2019\/03\/IMG_5354-280x280.jpg\" class=\"attachment-thumbnail size-thumbnail\" alt=\"\" \/><\/a>\n\t\t\t<\/div><\/figure><figure class='gallery-item'>\n\t\t\t<div class='gallery-icon portrait'>\n\t\t\t\t<a href='https:\/\/adamtextiel.rs\/wp-content\/uploads\/2019\/03\/IMG_5355.jpg'><img loading=\"lazy\" decoding=\"async\" width=\"280\" height=\"280\" src=\"https:\/\/adamtextiel.rs\/wp-content\/uploads\/2019\/03\/IMG_5355-280x280.jpg\" class=\"attachment-thumbnail size-thumbnail\" alt=\"\" \/><\/a>\n\t\t\t<\/div><\/figure><figure class='gallery-item'>\n\t\t\t<div class='gallery-icon portrait'>\n\t\t\t\t<a href='https:\/\/adamtextiel.rs\/wp-content\/uploads\/2019\/03\/IMG_5346.jpg'><img loading=\"lazy\" decoding=\"async\" width=\"280\" height=\"280\" src=\"https:\/\/adamtextiel.rs\/wp-content\/uploads\/2019\/03\/IMG_5346-280x280.jpg\" class=\"attachment-thumbnail size-thumbnail\" alt=\"\" \/><\/a>\n\t\t\t<\/div><\/figure><figure class='gallery-item'>\n\t\t\t<div class='gallery-icon portrait'>\n\t\t\t\t<a href='https:\/\/adamtextiel.rs\/wp-content\/uploads\/2019\/03\/IMG_5347.jpg'><img loading=\"lazy\" decoding=\"async\" width=\"280\" height=\"280\" src=\"https:\/\/adamtextiel.rs\/wp-content\/uploads\/2019\/03\/IMG_5347-280x280.jpg\" class=\"attachment-thumbnail size-thumbnail\" alt=\"\" \/><\/a>\n\t\t\t<\/div><\/figure><figure class='gallery-item'>\n\t\t\t<div class='gallery-icon portrait'>\n\t\t\t\t<a href='https:\/\/adamtextiel.rs\/wp-content\/uploads\/2019\/03\/IMG_5349.jpg'><img loading=\"lazy\" decoding=\"async\" width=\"280\" height=\"280\" src=\"https:\/\/adamtextiel.rs\/wp-content\/uploads\/2019\/03\/IMG_5349-280x280.jpg\" class=\"attachment-thumbnail size-thumbnail\" alt=\"\" \/><\/a>\n\t\t\t<\/div><\/figure><figure class='gallery-item'>\n\t\t\t<div class='gallery-icon portrait'>\n\t\t\t\t<a href='https:\/\/adamtextiel.rs\/wp-content\/uploads\/2019\/03\/IMG_5350.jpg'><img loading=\"lazy\" decoding=\"async\" width=\"280\" height=\"280\" src=\"https:\/\/adamtextiel.rs\/wp-content\/uploads\/2019\/03\/IMG_5350-280x280.jpg\" class=\"attachment-thumbnail size-thumbnail\" alt=\"\" \/><\/a>\n\t\t\t<\/div><\/figure><figure class='gallery-item'>\n\t\t\t<div class='gallery-icon portrait'>\n\t\t\t\t<a href='https:\/\/adamtextiel.rs\/wp-content\/uploads\/2019\/03\/IMG_5351-1.jpg'><img loading=\"lazy\" decoding=\"async\" width=\"280\" height=\"280\" src=\"https:\/\/adamtextiel.rs\/wp-content\/uploads\/2019\/03\/IMG_5351-1-280x280.jpg\" class=\"attachment-thumbnail size-thumbnail\" alt=\"\" \/><\/a>\n\t\t\t<\/div><\/figure><figure class='gallery-item'>\n\t\t\t<div class='gallery-icon portrait'>\n\t\t\t\t<a href='https:\/\/adamtextiel.rs\/wp-content\/uploads\/2019\/03\/IMG_5352.jpg'><img loading=\"lazy\" decoding=\"async\" width=\"280\" height=\"280\" src=\"https:\/\/adamtextiel.rs\/wp-content\/uploads\/2019\/03\/IMG_5352-280x280.jpg\" class=\"attachment-thumbnail size-thumbnail\" alt=\"\" \/><\/a>\n\t\t\t<\/div><\/figure><figure class='gallery-item'>\n\t\t\t<div class='gallery-icon portrait'>\n\t\t\t\t<a href='https:\/\/adamtextiel.rs\/wp-content\/uploads\/2019\/03\/IMG_5353.jpg'><img loading=\"lazy\" decoding=\"async\" width=\"280\" height=\"280\" src=\"https:\/\/adamtextiel.rs\/wp-content\/uploads\/2019\/03\/IMG_5353-280x280.jpg\" class=\"attachment-thumbnail size-thumbnail\" alt=\"\" \/><\/a>\n\t\t\t<\/div><\/figure><figure class='gallery-item'>\n\t\t\t<div class='gallery-icon landscape'>\n\t\t\t\t<a href='https:\/\/adamtextiel.rs\/wp-content\/uploads\/2019\/03\/1-1.jpg'><img loading=\"lazy\" decoding=\"async\" width=\"280\" height=\"280\" src=\"https:\/\/adamtextiel.rs\/wp-content\/uploads\/2019\/03\/1-1-280x280.jpg\" class=\"attachment-thumbnail size-thumbnail\" alt=\"\" \/><\/a>\n\t\t\t<\/div><\/figure><figure class='gallery-item'>\n\t\t\t<div class='gallery-icon landscape'>\n\t\t\t\t<a href='https:\/\/adamtextiel.rs\/wp-content\/uploads\/2019\/03\/010-1.jpg'><img loading=\"lazy\" decoding=\"async\" width=\"280\" height=\"280\" src=\"https:\/\/adamtextiel.rs\/wp-content\/uploads\/2019\/03\/010-1-280x280.jpg\" class=\"attachment-thumbnail size-thumbnail\" alt=\"\" \/><\/a>\n\t\t\t<\/div><\/figure><figure class='gallery-item'>\n\t\t\t<div class='gallery-icon landscape'>\n\t\t\t\t<a href='https:\/\/adamtextiel.rs\/wp-content\/uploads\/2019\/03\/009-1.jpg'><img loading=\"lazy\" decoding=\"async\" width=\"280\" height=\"280\" src=\"https:\/\/adamtextiel.rs\/wp-content\/uploads\/2019\/03\/009-1-280x280.jpg\" class=\"attachment-thumbnail size-thumbnail\" alt=\"\" \/><\/a>\n\t\t\t<\/div><\/figure><figure class='gallery-item'>\n\t\t\t<div class='gallery-icon landscape'>\n\t\t\t\t<a href='https:\/\/adamtextiel.rs\/wp-content\/uploads\/2019\/03\/008-1.jpg'><img loading=\"lazy\" decoding=\"async\" width=\"280\" height=\"280\" src=\"https:\/\/adamtextiel.rs\/wp-content\/uploads\/2019\/03\/008-1-280x280.jpg\" class=\"attachment-thumbnail size-thumbnail\" alt=\"\" \/><\/a>\n\t\t\t<\/div><\/figure><figure class='gallery-item'>\n\t\t\t<div class='gallery-icon landscape'>\n\t\t\t\t<a href='https:\/\/adamtextiel.rs\/wp-content\/uploads\/2019\/04\/IMG_5472.jpg'><img loading=\"lazy\" decoding=\"async\" width=\"280\" height=\"280\" src=\"https:\/\/adamtextiel.rs\/wp-content\/uploads\/2019\/04\/IMG_5472-280x280.jpg\" class=\"attachment-thumbnail size-thumbnail\" alt=\"\" \/><\/a>\n\t\t\t<\/div><\/figure><figure class='gallery-item'>\n\t\t\t<div class='gallery-icon landscape'>\n\t\t\t\t<a href='https:\/\/adamtextiel.rs\/wp-content\/uploads\/2019\/04\/IMG_5471.jpg'><img loading=\"lazy\" decoding=\"async\" width=\"280\" height=\"280\" src=\"https:\/\/adamtextiel.rs\/wp-content\/uploads\/2019\/04\/IMG_5471-280x280.jpg\" class=\"attachment-thumbnail size-thumbnail\" alt=\"\" \/><\/a>\n\t\t\t<\/div><\/figure><figure class='gallery-item'>\n\t\t\t<div class='gallery-icon landscape'>\n\t\t\t\t<a href='https:\/\/adamtextiel.rs\/wp-content\/uploads\/2019\/04\/IMG_5469.jpg'><img loading=\"lazy\" decoding=\"async\" width=\"280\" height=\"280\" src=\"https:\/\/adamtextiel.rs\/wp-content\/uploads\/2019\/04\/IMG_5469-280x280.jpg\" class=\"attachment-thumbnail size-thumbnail\" alt=\"\" \/><\/a>\n\t\t\t<\/div><\/figure><figure class='gallery-item'>\n\t\t\t<div class='gallery-icon landscape'>\n\t\t\t\t<a href='https:\/\/adamtextiel.rs\/wp-content\/uploads\/2019\/04\/IMG_5475.jpg'><img loading=\"lazy\" decoding=\"async\" width=\"280\" height=\"280\" src=\"https:\/\/adamtextiel.rs\/wp-content\/uploads\/2019\/04\/IMG_5475-280x280.jpg\" class=\"attachment-thumbnail size-thumbnail\" alt=\"\" \/><\/a>\n\t\t\t<\/div><\/figure><figure class='gallery-item'>\n\t\t\t<div class='gallery-icon landscape'>\n\t\t\t\t<a href='https:\/\/adamtextiel.rs\/wp-content\/uploads\/2019\/04\/IMG_5474.jpg'><img loading=\"lazy\" decoding=\"async\" width=\"280\" height=\"280\" src=\"https:\/\/adamtextiel.rs\/wp-content\/uploads\/2019\/04\/IMG_5474-280x280.jpg\" class=\"attachment-thumbnail size-thumbnail\" alt=\"\" \/><\/a>\n\t\t\t<\/div><\/figure><figure class='gallery-item'>\n\t\t\t<div class='gallery-icon landscape'>\n\t\t\t\t<a href='https:\/\/adamtextiel.rs\/wp-content\/uploads\/2019\/04\/IMG_5473.jpg'><img loading=\"lazy\" decoding=\"async\" width=\"280\" height=\"280\" src=\"https:\/\/adamtextiel.rs\/wp-content\/uploads\/2019\/04\/IMG_5473-280x280.jpg\" class=\"attachment-thumbnail size-thumbnail\" alt=\"\" \/><\/a>\n\t\t\t<\/div><\/figure>\n\t\t<\/div>","protected":false},"excerpt":{"rendered":"<p>K\u00e9pgal\u00e9ria<\/p>\n","protected":false},"author":1,"featured_media":0,"parent":0,"menu_order":0,"comment_status":"closed","ping_status":"closed","template":"","meta":{"footnotes":""},"class_list":["post-160","page","type-page","status-publish","hentry"],"yoast_head":"<!-- This site is optimized with the Yoast SEO plugin v27.4 - https:\/\/yoast.com\/product\/yoast-seo-wordpress\/ -->\n<title>K\u00e9pek - Adamtextiel<\/title>\n<meta name=\"robots\" content=\"index, follow, max-snippet:-1, max-image-preview:large, max-video-preview:-1\" \/>\n<link rel=\"canonical\" href=\"https:\/\/adamtextiel.rs\/galerija\/\" \/>\n<meta property=\"og:locale\" content=\"hu_HU\" \/>\n<meta property=\"og:type\" content=\"article\" \/>\n<meta property=\"og:title\" content=\"K\u00e9pek - Adamtextiel\" \/>\n<meta property=\"og:description\" content=\"K\u00e9pgal\u00e9ria\" \/>\n<meta property=\"og:url\" content=\"https:\/\/adamtextiel.rs\/galerija\/\" \/>\n<meta property=\"og:site_name\" content=\"Adamtextiel\" \/>\n<meta property=\"article:modified_time\" content=\"2019-04-02T08:46:56+00:00\" \/>\n<meta property=\"og:image\" content=\"https:\/\/adamtextiel.rs\/wp-content\/uploads\/2019\/03\/IMG_5343-280x280.jpg\" \/>\n<meta name=\"twitter:card\" content=\"summary_large_image\" \/>\n<script type=\"application\/ld+json\" class=\"yoast-schema-graph\">{\"@context\":\"https:\\\/\\\/schema.org\",\"@graph\":[{\"@type\":\"WebPage\",\"@id\":\"https:\\\/\\\/adamtextiel.rs\\\/galerija\\\/\",\"url\":\"https:\\\/\\\/adamtextiel.rs\\\/galerija\\\/\",\"name\":\"K\u00e9pek - Adamtextiel\",\"isPartOf\":{\"@id\":\"https:\\\/\\\/adamtextiel.rs\\\/#website\"},\"datePublished\":\"2019-03-23T08:41:21+00:00\",\"dateModified\":\"2019-04-02T08:46:56+00:00\",\"breadcrumb\":{\"@id\":\"https:\\\/\\\/adamtextiel.rs\\\/galerija\\\/#breadcrumb\"},\"inLanguage\":\"hu\",\"potentialAction\":[{\"@type\":\"ReadAction\",\"target\":[\"https:\\\/\\\/adamtextiel.rs\\\/galerija\\\/\"]}]},{\"@type\":\"BreadcrumbList\",\"@id\":\"https:\\\/\\\/adamtextiel.rs\\\/galerija\\\/#breadcrumb\",\"itemListElement\":[{\"@type\":\"ListItem\",\"position\":1,\"name\":\"Home\",\"item\":\"https:\\\/\\\/adamtextiel.rs\\\/\"},{\"@type\":\"ListItem\",\"position\":2,\"name\":\"Galerija\"}]},{\"@type\":\"WebSite\",\"@id\":\"https:\\\/\\\/adamtextiel.rs\\\/#website\",\"url\":\"https:\\\/\\\/adamtextiel.rs\\\/\",\"name\":\"Adamtextiel\",\"description\":\"Second Hand - prodaja polovne garderobe\",\"potentialAction\":[{\"@type\":\"SearchAction\",\"target\":{\"@type\":\"EntryPoint\",\"urlTemplate\":\"https:\\\/\\\/adamtextiel.rs\\\/?s={search_term_string}\"},\"query-input\":{\"@type\":\"PropertyValueSpecification\",\"valueRequired\":true,\"valueName\":\"search_term_string\"}}],\"inLanguage\":\"hu\"}]}<\/script>\n<!-- \/ Yoast SEO plugin. -->","yoast_head_json":{"title":"K\u00e9pek - Adamtextiel","robots":{"index":"index","follow":"follow","max-snippet":"max-snippet:-1","max-image-preview":"max-image-preview:large","max-video-preview":"max-video-preview:-1"},"canonical":"https:\/\/adamtextiel.rs\/galerija\/","og_locale":"hu_HU","og_type":"article","og_title":"K\u00e9pek - Adamtextiel","og_description":"K\u00e9pgal\u00e9ria","og_url":"https:\/\/adamtextiel.rs\/galerija\/","og_site_name":"Adamtextiel","article_modified_time":"2019-04-02T08:46:56+00:00","og_image":[{"url":"https:\/\/adamtextiel.rs\/wp-content\/uploads\/2019\/03\/IMG_5343-280x280.jpg","type":"","width":"","height":""}],"twitter_card":"summary_large_image","schema":{"@context":"https:\/\/schema.org","@graph":[{"@type":"WebPage","@id":"https:\/\/adamtextiel.rs\/galerija\/","url":"https:\/\/adamtextiel.rs\/galerija\/","name":"K\u00e9pek - Adamtextiel","isPartOf":{"@id":"https:\/\/adamtextiel.rs\/#website"},"datePublished":"2019-03-23T08:41:21+00:00","dateModified":"2019-04-02T08:46:56+00:00","breadcrumb":{"@id":"https:\/\/adamtextiel.rs\/galerija\/#breadcrumb"},"inLanguage":"hu","potentialAction":[{"@type":"ReadAction","target":["https:\/\/adamtextiel.rs\/galerija\/"]}]},{"@type":"BreadcrumbList","@id":"https:\/\/adamtextiel.rs\/galerija\/#breadcrumb","itemListElement":[{"@type":"ListItem","position":1,"name":"Home","item":"https:\/\/adamtextiel.rs\/"},{"@type":"ListItem","position":2,"name":"Galerija"}]},{"@type":"WebSite","@id":"https:\/\/adamtextiel.rs\/#website","url":"https:\/\/adamtextiel.rs\/","name":"Adamtextiel","description":"Second Hand - prodaja polovne garderobe","potentialAction":[{"@type":"SearchAction","target":{"@type":"EntryPoint","urlTemplate":"https:\/\/adamtextiel.rs\/?s={search_term_string}"},"query-input":{"@type":"PropertyValueSpecification","valueRequired":true,"valueName":"search_term_string"}}],"inLanguage":"hu"}]}},"_links":{"self":[{"href":"https:\/\/adamtextiel.rs\/hu\/wp-json\/wp\/v2\/pages\/160","targetHints":{"allow":["GET"]}}],"collection":[{"href":"https:\/\/adamtextiel.rs\/hu\/wp-json\/wp\/v2\/pages"}],"about":[{"href":"https:\/\/adamtextiel.rs\/hu\/wp-json\/wp\/v2\/types\/page"}],"author":[{"embeddable":true,"href":"https:\/\/adamtextiel.rs\/hu\/wp-json\/wp\/v2\/users\/1"}],"replies":[{"embeddable":true,"href":"https:\/\/adamtextiel.rs\/hu\/wp-json\/wp\/v2\/comments?post=160"}],"version-history":[{"count":13,"href":"https:\/\/adamtextiel.rs\/hu\/wp-json\/wp\/v2\/pages\/160\/revisions"}],"predecessor-version":[{"id":352,"href":"https:\/\/adamtextiel.rs\/hu\/wp-json\/wp\/v2\/pages\/160\/revisions\/352"}],"wp:attachment":[{"href":"https:\/\/adamtextiel.rs\/hu\/wp-json\/wp\/v2\/media?parent=160"}],"curies":[{"name":"wp","href":"https:\/\/api.w.org\/{rel}","templated":true}]}}